{"id":2285,"date":"2023-01-16T13:14:25","date_gmt":"2023-01-16T13:14:25","guid":{"rendered":"https:\/\/ibizastagdo.com\/ueber-uns\/"},"modified":"2023-03-21T09:23:39","modified_gmt":"2023-03-21T09:23:39","slug":"uber-uns","status":"publish","type":"page","link":"https:\/\/ibizastagdo.com\/de\/uber-uns\/","title":{"rendered":"\u00dcber uns"},"content":{"rendered":"<p>Mein Team und ich von Ibiza Stag Do sind bestrebt, Ihr Junggesellenwochenende auf Ibiza zu einem unvergesslichen Erlebnis zu machen. Wir verstehen, dass die Planung einer Reise \u00fcberw\u00e4ltigend sein kann, besonders wenn es sich um einen Junggesellenabschied handelt, aber keine Sorge, wir haben alles f\u00fcr Sie.<\/p>\n\n<h2 class=\"wp-block-heading\">Unser Engagement f\u00fcr au\u00dfergew\u00f6hnlichen Service<\/h2>\n\n<p>Wir sind bestrebt, einen au\u00dfergew\u00f6hnlichen Service zu bieten und einen reibungslosen Ablauf zu gew\u00e4hrleisten. Wir arbeiten bei jedem Schritt mit Ihnen zusammen, um eine ma\u00dfgeschneiderte Reiseroute zu erstellen, die den individuellen Interessen und Vorlieben Ihrer Gruppe entspricht.<\/p>\n\n<p>Mit unserer Ortskenntnis und unserem Fachwissen helfen wir Ihnen, h\u00e4ufige Fehler zu vermeiden und das Beste aus Ihrer Zeit auf Ibiza zu machen. Ob es darum geht, die beste Unterkunft in der N\u00e4he des Geschehens zu finden oder sicherzustellen, dass Ihre Aktivit\u00e4ten sowohl Spa\u00df machen als auch sicher sind - wir k\u00fcmmern uns um alle Details.<\/p>\n\n<p>Unser Ziel ist es, Ihnen und Ihren Freunden ein unvergessliches Wochenende mit vielen tollen Erinnerungen zu bereiten.<\/p>\n\n<figure class=\"wp-block-image size-large\"><img loading=\"lazy\" decoding=\"async\" width=\"1024\" height=\"683\" src=\"https:\/\/ibizastagdo.com\/wp-content\/uploads\/ibiza-1-2-1024x683.webp\" alt=\"Ibiza\" class=\"wp-image-1038\" srcset=\"https:\/\/ibizastagdo.com\/wp-content\/uploads\/ibiza-1-2-1024x683.webp 1024w, https:\/\/ibizastagdo.com\/wp-content\/uploads\/ibiza-1-2-300x200.webp 300w, https:\/\/ibizastagdo.com\/wp-content\/uploads\/ibiza-1-2-768x512.webp 768w, https:\/\/ibizastagdo.com\/wp-content\/uploads\/ibiza-1-2-1536x1024.webp 1536w, https:\/\/ibizastagdo.com\/wp-content\/uploads\/ibiza-1-2-2048x1365.webp 2048w, https:\/\/ibizastagdo.com\/wp-content\/uploads\/ibiza-1-2-18x12.webp 18w, https:\/\/ibizastagdo.com\/wp-content\/uploads\/ibiza-1-2-scaled.webp 1920w\" sizes=\"auto, (max-width: 1024px) 100vw, 1024px\" \/><figcaption class=\"wp-element-caption\">Ibiza ist ein paradiesischer Ort<\/figcaption><\/figure>\n\n<h2 class=\"wp-block-heading\">Unsere Expertise in der Junggesellenabschiedsplanung<\/h2>\n\n<p>Wir von Ibiza Stag Do sind seit Jahren auf die Organisation von unvergesslichen Junggesellenabschieden spezialisiert. Wir wissen, was n\u00f6tig ist, um einen Junggesellenabschied zu einem unvergesslichen Erlebnis zu machen, und wir haben es uns zur Aufgabe gemacht, das gleiche Ma\u00df an Aufregung und Abenteuer nach Ibiza zu bringen.<\/p>\n\n<p>Unsere flexiblen Buchungsoptionen machen es einfach, schnell und effizient eine tolle Junggesellenreise zusammenzustellen, so dass Sie sich zur\u00fccklehnen, entspannen und Ihre Energie f\u00fcr die Reise Ihres Lebens sparen k\u00f6nnen. Au\u00dferdem sind wir ein finanziell abgesichertes Unternehmen, was bedeutet, dass Sie mit Zuversicht reisen k\u00f6nnen, ohne sich Sorgen machen zu m\u00fcssen, dass Ihre Kaution verloren geht.<\/p>\n\n<p>Worauf wir am meisten stolz sind, ist, dass wir einen hervorragenden Service zu den besten Preisen bieten und gleichzeitig gute Arbeitsbeziehungen zu unseren Partnerunternehmen pflegen. Unsere Partner bieten ein einzigartiges Angebot an Aktivit\u00e4ten, von der Erkundung der malerischen K\u00fcste der Insel bis hin zum pulsierenden Nachtleben der Insel.<\/p>\n\n<h2 class=\"wp-block-heading\">Unser individueller Ansatz<\/h2>\n\n<p>Wir wissen, dass jede Gruppe von Freunden einzigartig ist, deshalb planen wir Ihr Junggesellenwochenende auf Ibiza ganz individuell. Wir gehen auf Ihre Bed\u00fcrfnisse und Vorlieben ein und bieten Ihnen einen ma\u00dfgeschneiderten Service, der speziell auf Sie und Ihre Gruppe zugeschnitten ist.  <\/p>\n\n<p>Unser engagiertes Team k\u00fcmmert sich um die gesamte Logistik und sorgt daf\u00fcr, dass alles reibungslos abl\u00e4uft, ohne dass Ihnen zus\u00e4tzliche Kosten entstehen.<\/p>\n\n<p>Und Sie k\u00f6nnen sich darauf verlassen, dass unser 24\/7-Support alle Fragen und Probleme, die w\u00e4hrend Ihres Aufenthalts auf Ibiza auftreten, umgehend kl\u00e4rt. Wir stellen Ihnen alle Informationen zur Verf\u00fcgung, die Sie ben\u00f6tigen, um das Beste aus Ihrer Zeit auf dieser lebhaften Insel zu machen.<\/p>\n\n<figure class=\"wp-block-image size-large\"><img loading=\"lazy\" decoding=\"async\" width=\"1024\" height=\"683\" src=\"https:\/\/ibizastagdo.com\/wp-content\/uploads\/eden-ibiza-1-2-1024x683.webp\" alt=\"Eden ibiza\" class=\"wp-image-918\" srcset=\"https:\/\/ibizastagdo.com\/wp-content\/uploads\/eden-ibiza-1-2-1024x683.webp 1024w, https:\/\/ibizastagdo.com\/wp-content\/uploads\/eden-ibiza-1-2-300x200.webp 300w, https:\/\/ibizastagdo.com\/wp-content\/uploads\/eden-ibiza-1-2-768x512.webp 768w, https:\/\/ibizastagdo.com\/wp-content\/uploads\/eden-ibiza-1-2-1536x1024.webp 1536w, https:\/\/ibizastagdo.com\/wp-content\/uploads\/eden-ibiza-1-2-18x12.webp 18w, https:\/\/ibizastagdo.com\/wp-content\/uploads\/eden-ibiza-1-2.webp 1920w\" sizes=\"auto, (max-width: 1024px) 100vw, 1024px\" \/><figcaption class=\"wp-element-caption\">Holen Sie mit unserer Hilfe das Beste aus Ihrem Junggesellenabschied auf Ibiza heraus<\/figcaption><\/figure>\n\n<h2 class=\"wp-block-heading\">Wir k\u00f6nnen den besten Junggesellenabschied eures Lebens planen!<\/h2>\n\n<p>Dank unserer umfassenden Erfahrung und Ortskenntnis k\u00f6nnen Sie Zeit und Geld sparen, indem Sie kostspielige Fehler und schlecht geplante Reiserouten vermeiden.<\/p>\n\n<p>Lassen Sie uns Ihnen bei der Planung der ultimativen Feier f\u00fcr die letzten Tage der Freiheit des Junggesellen helfen. Setzen Sie <a href=\"https:\/\/jgaibiza.com\/anfrage\/\">Sie sind jetzt mit uns in Verbindung<\/a> und beginnen Sie mit der Planung Ihres unvergesslichen Wochenendes auf Ibiza.<\/p>\n\n<p>Wenn Sie an anderen Reisezielen f\u00fcr Junggesellenabschiede interessiert sind, sehen Sie sich die folgende Liste an:<\/p>\n\n<ul class=\"wp-block-list\">\n<li><a href=\"https:\/\/amsterdam-stag-do.com\/\">Amsterdam Junggesellenabschied<\/a><\/li>\n\n\n\n<li><a href=\"https:\/\/berlin-stag-do.com\/\">Berlin Junggesellenabschied<\/a><\/li>\n\n\n\n<li><a href=\"https:\/\/hamburgstagdo.com\/\">Hamburger Junggesellenabschied<\/a><\/li>\n\n\n\n<li><a href=\"https:\/\/hvarstagdo.com\/\">Hvarer Junggesellenabschied<\/a><\/li>\n\n\n\n<li><a href=\"https:\/\/lisbonstagdo.com\/\">Lissabon Junggesellenabschied<\/a><\/li>\n\n\n\n<li><a href=\"https:\/\/munichstagdo.com\/\">M\u00fcnchener Junggesellenabschied<\/a><\/li>\n\n\n\n<li><a href=\"https:\/\/prague-stag-do.com\/\">Prag Junggesellenabschied<\/a><\/li>\n\n\n\n<li><a href=\"https:\/\/riga-stag-do.com\/\">Rigaer Junggesellenabschied<\/a><\/li>\n\n\n\n<li><a href=\"https:\/\/stagpartyljubljana.com\/\">Junggesellenabschied Ljubljana<\/a><\/li>\n\n\n\n<li><a href=\"https:\/\/stagdovegas.com\/\">Junggesellenabschied Vegas<\/a><\/li>\n\n\n\n<li><a href=\"https:\/\/stagdobarcelona.com\/\">Junggesellenabschied Barcelona<\/a><\/li>\n<\/ul>","protected":false},"excerpt":{"rendered":"<p>Mein Team und ich von Ibiza Stag Do sind bestrebt, Ihr Junggesellenwochenende auf Ibiza zu einem unvergesslichen Erlebnis zu machen. Wir verstehen, dass die Planung einer Reise \u00fcberw\u00e4ltigend sein kann, besonders wenn es sich um einen Junggesellenabschied handelt, aber keine Sorge, wir haben alles f\u00fcr Sie. Unser Engagement f\u00fcr au\u00dfergew\u00f6hnlichen Service Wir sind bestrebt, einen &hellip; <a href=\"https:\/\/ibizastagdo.com\/de\/uber-uns\/\">Fortsetzung<\/a><\/p>","protected":false},"author":1,"featured_media":1556,"parent":0,"menu_order":0,"comment_status":"open","ping_status":"open","template":"","meta":{"_acf_changed":false,"footnotes":""},"class_list":["post-2285","page","type-page","status-publish","has-post-thumbnail","hentry"],"acf":{"page_subheading":""},"_links":{"self":[{"href":"https:\/\/ibizastagdo.com\/de\/wp-json\/wp\/v2\/pages\/2285","targetHints":{"allow":["GET"]}}],"collection":[{"href":"https:\/\/ibizastagdo.com\/de\/wp-json\/wp\/v2\/pages"}],"about":[{"href":"https:\/\/ibizastagdo.com\/de\/wp-json\/wp\/v2\/types\/page"}],"author":[{"embeddable":true,"href":"https:\/\/ibizastagdo.com\/de\/wp-json\/wp\/v2\/users\/1"}],"replies":[{"embeddable":true,"href":"https:\/\/ibizastagdo.com\/de\/wp-json\/wp\/v2\/comments?post=2285"}],"version-history":[{"count":1,"href":"https:\/\/ibizastagdo.com\/de\/wp-json\/wp\/v2\/pages\/2285\/revisions"}],"predecessor-version":[{"id":2286,"href":"https:\/\/ibizastagdo.com\/de\/wp-json\/wp\/v2\/pages\/2285\/revisions\/2286"}],"wp:featuredmedia":[{"embeddable":true,"href":"https:\/\/ibizastagdo.com\/de\/wp-json\/wp\/v2\/media\/1556"}],"wp:attachment":[{"href":"https:\/\/ibizastagdo.com\/de\/wp-json\/wp\/v2\/media?parent=2285"}],"curies":[{"name":"wp","href":"https:\/\/api.w.org\/{rel}","templated":true}]}}