{"id":2299,"date":"2023-03-01T18:31:34","date_gmt":"2023-03-01T18:31:34","guid":{"rendered":"https:\/\/ibizastagdo.com\/informazioni-su-ibiza-guida-agli-addii-al-celibato\/"},"modified":"2023-03-21T09:23:52","modified_gmt":"2023-03-21T09:23:52","slug":"informazioni-su-ibiza-guida-agli-addii-al-celibato","status":"publish","type":"page","link":"https:\/\/ibizastagdo.com\/de\/informazioni-su-ibiza-guida-agli-addii-al-celibato\/","title":{"rendered":"Informationen \u00fcber Ibiza: Leitfaden f\u00fcr Z\u00f6libatss\u00fcchtige"},"content":{"rendered":"<p>Willkommen in der definitiven Anleitung f\u00fcr die Organisation eines Z\u00f6libatsaufenthalts auf Ibiza! Diese wunderbare Insel ist bekannt f\u00fcr ihre herrlichen Str\u00e4nde, die lebendige Atmosph\u00e4re und das unvergessliche Leben im Urlaub. Wenn Sie auf der Suche nach einem unvergesslichen Erlebnis f\u00fcr Ihr Zivildienstwochenende sind, ist Ibiza der richtige Ort daf\u00fcr.<\/p>\n\n<figure class=\"wp-block-image size-large\"><img loading=\"lazy\" decoding=\"async\" width=\"1024\" height=\"684\" src=\"https:\/\/ibizastagdo.com\/wp-content\/uploads\/pool-party-1024x684.webp\" alt=\"Fest im Schwimmbad\" class=\"wp-image-876\" srcset=\"https:\/\/ibizastagdo.com\/wp-content\/uploads\/pool-party-1024x684.webp 1024w, https:\/\/ibizastagdo.com\/wp-content\/uploads\/pool-party-300x200.webp 300w, https:\/\/ibizastagdo.com\/wp-content\/uploads\/pool-party-768x513.webp 768w, https:\/\/ibizastagdo.com\/wp-content\/uploads\/pool-party-1536x1026.webp 1536w, https:\/\/ibizastagdo.com\/wp-content\/uploads\/pool-party-18x12.webp 18w, https:\/\/ibizastagdo.com\/wp-content\/uploads\/pool-party.webp 1920w\" sizes=\"auto, (max-width: 1024px) 100vw, 1024px\" \/><figcaption class=\"wp-element-caption\">Die Anzahl der Feste im Wasser, die man auf Ibiza feiern kann, ist beeindruckend.<\/figcaption><\/figure>\n\n<h2 class=\"wp-block-heading\">Informationen \u00fcber die Insel<\/h2>\n\n<p>Ibiza ist eine kleine, aber sehr sch\u00f6ne Insel im Mittelmeerraum. \u00c8 la <strong>terza pi\u00f9 grande delle Isole Baleari<\/strong> e vanta alcune delle spiagge pi\u00f9 belle del mondo, acque cristalline e calette nascoste perfette da esplorare.<\/p>\n\n<p>Ma l'isola non si limita alla sua <strong>herrliche K\u00fcste<\/strong>. Ibiza hat eine reiche Geschichte, die sich in der Architektur, in der Kultur und im Lebensstil widerspiegelt. L'isola \u00e8 stata abitata fin dalla preistoria e ha visto l'influence di fenici, romani, mori e cristiani, ognuno dei quali ha lasciato il proprio segno sull'isola.<\/p>\n\n<p>Ibiza ist auch bekannt f\u00fcr seine <strong>Lebendige musikalische und k\u00fcnstlerische Szenerie<\/strong>mit einer breiten Palette von Galerien, Konzerten und Festivals, die w\u00e4hrend des ganzen Jahres stattfinden. L'isola vanta un <strong>mischen<\/strong> unico ed <strong>Personeneclettico<\/strong>mit Bewohnern des Ortes, Residenten und Besuchern aus der ganzen Welt, die sich zusammenfinden, um alles zu genie\u00dfen, was Ibiza zu bieten hat.<\/p>\n\n<h2 class=\"wp-block-heading\">Unbeschwertes Leben auf Ibiza<\/h2>\n\n<p>Ma ammettiamolo, sappiamo tutti perch\u00e9 siete qui: per sperimentare la leggendaria (per una buona ragione) vita notturna che Ibiza ha da offrire.<\/p>\n\n<p>L'isola vanta <strong>einige der ber\u00fchmtesten Diskotheken und DJs der Welt<\/strong>mit Superclubs, die aus der ganzen Welt ber\u00fchmt sind. Wenn Sie auf der Suche nach einem unvergesslichen Urlaub sind, empfehlen wir Ihnen, einige der gr\u00f6\u00dften Clubs der Insel zu besuchen.<\/p>\n\n<p>Il <strong>Pacha<\/strong> \u00e8 un locale iconico che esiste dagli anni '70, con la reputazione di ospitare alcune delle migliori feste di Ibiza. L'<strong>Amnesie<\/strong> \u00e8 un'altra discoteca da non perdere, con diverse sale che propongono una variet\u00e0 di generi musicali per tutti i gusti. L'<strong>Ushuaia<\/strong> Das Hotel ist bekannt f\u00fcr seine riesigen offenen Pal\u00e4ste und f\u00fcr die Feste im Schwimmbad, die perfekt sind, um die Sonne zu genie\u00dfen, w\u00e4hrend man im Rhythmus der eigenen Lieblingsbranchen balanciert.<\/p>\n\n<figure class=\"wp-block-image size-large\"><img loading=\"lazy\" decoding=\"async\" width=\"1024\" height=\"683\" src=\"https:\/\/ibizastagdo.com\/wp-content\/uploads\/hi-ibiza-1-9-1024x683.webp\" alt=\"Ciao ibiza\" class=\"wp-image-968\" srcset=\"https:\/\/ibizastagdo.com\/wp-content\/uploads\/hi-ibiza-1-9-1024x683.webp 1024w, https:\/\/ibizastagdo.com\/wp-content\/uploads\/hi-ibiza-1-9-300x200.webp 300w, https:\/\/ibizastagdo.com\/wp-content\/uploads\/hi-ibiza-1-9-768x512.webp 768w, https:\/\/ibizastagdo.com\/wp-content\/uploads\/hi-ibiza-1-9-18x12.webp 18w, https:\/\/ibizastagdo.com\/wp-content\/uploads\/hi-ibiza-1-9.webp 1440w\" sizes=\"auto, (max-width: 1024px) 100vw, 1024px\" \/><figcaption class=\"wp-element-caption\">Das H\u00ef Ibiza wurde im Jahr 2022 vom DJ Mag zum besten Club der Welt ernannt.<\/figcaption><\/figure>\n\n<p>Aber es sind nicht nur die gro\u00dfen Clubs, die das Nachtleben auf Ibiza so besonders machen. L'isola ha anche una <strong>fiorente scena underground<\/strong>, mit kleinen Lokalen und Festen auf der ganzen Insel. F\u00fcr ein besonders intensives Festerlebnis sollten Sie Lokale wie Heart Ibiza oder DC-10 besuchen, die f\u00fcr ihre einzigartige Atmosph\u00e4re und Musikauswahl bekannt sind.<\/p>\n\n<p>Einer der wichtigsten Aspekte des Lebens auf Ibiza ist die <strong>die Vielfalt des Volkes<\/strong>. Hier treffen sich Menschen aus allen Gesellschaftsschichten, Altersgruppen und Herkunftsl\u00e4ndern, die bis zum Morgengrauen von einem Tag auf den anderen feiern. Diese offene und angenehme Atmosph\u00e4re macht Ibiza zu einem ganz besonderen Ort zum Feiern.<\/p>\n\n<p>Aber wir sind uns sicher: Die Orientierung in der Clublandschaft von Ibiza kann sehr anstrengend sein, vor allem, wenn man sich zum ersten Mal auf der Insel befindet. \u00c8 qui che entrano in gioco i nostri <a href=\"https:\/\/ibizastagdo.com\/de\/partei\/\">pacchetti di addio al celibato di Ibiza<\/a>.<\/p>\n\n<p>Unsere Pakete sind gedacht f\u00fcr <strong>Ihnen und Ihren Freunden die endg\u00fcltige VIP-Behandlung zukommen zu lassen<\/strong>, mit Zugang zu den besten Clubs, privaten Kneipen und exklusiven Veranstaltungen. Wir arbeiten mit den besten Clubs und Veranstaltern der Insel zusammen, um Ihnen einen unvergesslichen Urlaub zu garantieren.<\/p>\n\n<figure class=\"wp-block-image size-large\"><img loading=\"lazy\" decoding=\"async\" width=\"1024\" height=\"768\" src=\"https:\/\/ibizastagdo.com\/wp-content\/uploads\/jetski--1024x768.webp\" alt=\"Jetski\" class=\"wp-image-787\" srcset=\"https:\/\/ibizastagdo.com\/wp-content\/uploads\/jetski--1024x768.webp 1024w, https:\/\/ibizastagdo.com\/wp-content\/uploads\/jetski--300x225.webp 300w, https:\/\/ibizastagdo.com\/wp-content\/uploads\/jetski--768x576.webp 768w, https:\/\/ibizastagdo.com\/wp-content\/uploads\/jetski--1536x1152.webp 1536w, https:\/\/ibizastagdo.com\/wp-content\/uploads\/jetski--16x12.webp 16w, https:\/\/ibizastagdo.com\/wp-content\/uploads\/jetski-.webp 1920w\" sizes=\"auto, (max-width: 1024px) 100vw, 1024px\" \/><figcaption class=\"wp-element-caption\">Eine Tour mit dem Jetski ist immer eine gute Wahl.<\/figcaption><\/figure>\n\n<h2 class=\"wp-block-heading\">Unternehmungen<\/h2>\n\n<p>Nat\u00fcrlich gibt es auf Ibiza nicht nur Feste. Wenn Sie die Auswahl variieren und etwas anderes ausprobieren m\u00f6chten, gibt es viele interessante Aktivit\u00e4ten, die Sie ausprobieren k\u00f6nnen.<\/p>\n\n<p>Eine der popul\u00e4rsten Aktivit\u00e4ten auf der Insel ist die Aus\u00fcbung verschiedener Arten von <strong>Freizeitsportler<\/strong>. Mit ihren kristallklaren Gew\u00e4ssern und dem milden Klima ist Ibiza der perfekte Ort f\u00fcr jede Art von Aktivit\u00e4t, von der <a href=\"https:\/\/ibizastagdo.com\/de\/aktivitaten\/kajak-schnorcheltour\/\">Kajak<\/a> al paddleboard, dal <a href=\"https:\/\/ibizastagdo.com\/de\/aktivitaten\/jetski-tour\/\">Jetski<\/a> al parasailing. Per un'esperienza pi\u00f9 rilassata, fate un giro dell'isola in barca e godetevi il paesaggio.<\/p>\n\n<p>Auch f\u00fcr historisch und kulturell Interessierte hat Ibiza viel zu bieten. Il centro <strong>storico<\/strong> <strong>fortificato<\/strong> <strong>di Ibiza<\/strong>auch bekannt als Dalt Vila, ist UNESCO-Weltkulturerbe und beherbergt eine Reihe von historischen Geb\u00e4uden, Museen und Galerien. L'isola ospita anche diverse rovine antiche, tra cui l'insediamento fenicio di Sa Caleta e la citt\u00e0 romana di Ses Paisses.<\/p>\n\n<p>Und nat\u00fcrlich ist keine Reise nach Ibiza ohne einen Strandtag komplett. Mit <strong>mehr als 50 Spiagge, die Sie besuchen k\u00f6nnen<\/strong>c'\u00e8 un tratto di sabbia per tutti i gusti. Wenn Sie auf der Suche nach einer lebendigen Festtagsszene oder einer Ferienwohnung sind, hat Ibiza alles zu bieten.<\/p>\n\n<h2 class=\"wp-block-heading\">Organisieren Sie noch heute Ihr pers\u00f6nliches Z\u00f6libatserlebnis auf Ibiza!<\/h2>\n\n<p>Egal, ob Sie auf der Suche nach einem Non-Stop-Festival, adrenalinhaltigen Aktivit\u00e4ten oder einer Mischung aus beidem sind, Ibiza hat f\u00fcr alle etwas zu bieten.<\/p>\n\n<figure class=\"wp-block-image size-large\"><img loading=\"lazy\" decoding=\"async\" width=\"1024\" height=\"683\" src=\"https:\/\/ibizastagdo.com\/wp-content\/uploads\/ushuaia-ibiza-1-2-1024x683.webp\" alt=\"Ushuaia ibiza\" class=\"wp-image-992\" srcset=\"https:\/\/ibizastagdo.com\/wp-content\/uploads\/ushuaia-ibiza-1-2-1024x683.webp 1024w, https:\/\/ibizastagdo.com\/wp-content\/uploads\/ushuaia-ibiza-1-2-300x200.webp 300w, https:\/\/ibizastagdo.com\/wp-content\/uploads\/ushuaia-ibiza-1-2-768x512.webp 768w, https:\/\/ibizastagdo.com\/wp-content\/uploads\/ushuaia-ibiza-1-2-18x12.webp 18w, https:\/\/ibizastagdo.com\/wp-content\/uploads\/ushuaia-ibiza-1-2.webp 1440w\" sizes=\"auto, (max-width: 1024px) 100vw, 1024px\" \/><figcaption class=\"wp-element-caption\">Troviamo il posto migliore per voi durante il vostro weekend di addio al celibato<\/figcaption><\/figure>\n\n<p><strong>Betrug<\/strong> la nostra conoscenza dell'isola e della sua scena festaiola, possiamo aiutarvi a creare un viaggio indimenticabile su misura per il vostro gruppo.<\/p>\n\n<p>Quindi, perch\u00e9 non lasciare a noi i dettagli e concentrarsi su un momento epico con i vostri amici?<\/p>\n\n<p>Ci occupiamo di tutto, <strong>von der Alloggio bis zu den Transporten und von der Notierung bis zum Club<\/strong>. Tutto ci\u00f2 che dovete fare \u00e8 presentarvi e lasciare che noi ci occupiamo del resto. Mit unserer F\u00fchrung werden Sie in der Lage sein, das Beste von allem, was Ibiza zu bieten hat, ohne Stress oder Probleme zu erleben.<\/p>\n\n<p>Lasciate che vi aiutiamo a pianificare un viaggio indimenticabile a Ibiza che voi e i vostri amici ricorderete per gli anni a venire! <a href=\"https:\/\/addioalcelibatoibiza.com\/richiesta-di-informazioni\/\">\n  <strong>Informieren Sie sich noch heute<\/strong>\n<\/a> e preparatevi a vivere il meglio di ci\u00f2 che questa incredibile isola ha da offrire.<\/p>\n\n<div class=\"wp-block-buttons is-content-justification-right is-layout-flex wp-container-core-buttons-is-layout-765c4724 wp-block-buttons-is-layout-flex\">\n<div class=\"wp-block-button has-custom-width wp-block-button__width-75 has-custom-font-size has-medium-font-size\" style=\"font-style:normal;font-weight:700;text-transform:uppercase\"><a class=\"wp-block-button__link has-primary-background-color has-background wp-element-button\" href=\"https:\/\/ibizastagdo.com\/de\/anfrage-2\/\" style=\"border-radius:6px\"><strong>CHIEDERE ORA<\/strong><\/a><\/div>\n<\/div>","protected":false},"excerpt":{"rendered":"<p>Benvenuti nella guida definitiva per organizzare un addio al celibato a Ibiza! Questa splendida isola \u00e8 rinomata per le sue splendide spiagge, l&#8217;atmosfera vivace e l&#8217;indimenticabile vita notturna. Se siete alla ricerca di un&#8217;avventura epica per il vostro weekend di addio al celibato, Ibiza \u00e8 il posto giusto. Informazioni sull&#8217;isola Ibiza \u00e8 un&#8217;isola piccola ma &hellip; <a href=\"https:\/\/ibizastagdo.com\/de\/informazioni-su-ibiza-guida-agli-addii-al-celibato\/\">Fortsetzung<\/a><\/p>","protected":false},"author":37,"featured_media":1571,"parent":0,"menu_order":0,"comment_status":"closed","ping_status":"closed","template":"","meta":{"_acf_changed":false,"footnotes":""},"class_list":["post-2299","page","type-page","status-publish","has-post-thumbnail","hentry"],"acf":{"page_subheading":""},"_links":{"self":[{"href":"https:\/\/ibizastagdo.com\/de\/wp-json\/wp\/v2\/pages\/2299","targetHints":{"allow":["GET"]}}],"collection":[{"href":"https:\/\/ibizastagdo.com\/de\/wp-json\/wp\/v2\/pages"}],"about":[{"href":"https:\/\/ibizastagdo.com\/de\/wp-json\/wp\/v2\/types\/page"}],"author":[{"embeddable":true,"href":"https:\/\/ibizastagdo.com\/de\/wp-json\/wp\/v2\/users\/37"}],"replies":[{"embeddable":true,"href":"https:\/\/ibizastagdo.com\/de\/wp-json\/wp\/v2\/comments?post=2299"}],"version-history":[{"count":1,"href":"https:\/\/ibizastagdo.com\/de\/wp-json\/wp\/v2\/pages\/2299\/revisions"}],"predecessor-version":[{"id":2302,"href":"https:\/\/ibizastagdo.com\/de\/wp-json\/wp\/v2\/pages\/2299\/revisions\/2302"}],"wp:featuredmedia":[{"embeddable":true,"href":"https:\/\/ibizastagdo.com\/de\/wp-json\/wp\/v2\/media\/1571"}],"wp:attachment":[{"href":"https:\/\/ibizastagdo.com\/de\/wp-json\/wp\/v2\/media?parent=2299"}],"curies":[{"name":"wp","href":"https:\/\/api.w.org\/{rel}","templated":true}]}}