{"id":2303,"date":"2023-03-01T18:31:34","date_gmt":"2023-03-01T18:31:34","guid":{"rendered":"https:\/\/ibizastagdo.com\/ueber-ibiza-junggesellenabschied-fuehrer\/"},"modified":"2023-03-21T09:23:54","modified_gmt":"2023-03-21T09:23:54","slug":"uber-ibiza-junggesellenabschied-fuehrer","status":"publish","type":"page","link":"https:\/\/ibizastagdo.com\/de\/uber-ibiza-junggesellenabschied-fuehrer\/","title":{"rendered":"\u00dcber Ibiza: Junggesellenabschieds-F\u00fchrer"},"content":{"rendered":"<p>Willkommen zum ultimativen Leitfaden f\u00fcr die Planung eines Junggesellenabschieds auf Ibiza! Diese wundersch\u00f6ne Insel ist bekannt f\u00fcr ihre herrlichen Str\u00e4nde, ihre lebhafte Atmosph\u00e4re und ihr unvergessliches Nachtleben. Wenn Sie auf der Suche nach einem epischen Abenteuer f\u00fcr Ihr Junggesellenwochenende sind, dann ist Ibiza der richtige Ort daf\u00fcr.<\/p>\n\n<figure class=\"wp-block-image size-large\"><img loading=\"lazy\" decoding=\"async\" width=\"1024\" height=\"684\" src=\"https:\/\/ibizastagdo.com\/wp-content\/uploads\/pool-party-1024x684.webp\" alt=\"Pool-Party\" class=\"wp-image-876\" srcset=\"https:\/\/ibizastagdo.com\/wp-content\/uploads\/pool-party-1024x684.webp 1024w, https:\/\/ibizastagdo.com\/wp-content\/uploads\/pool-party-300x200.webp 300w, https:\/\/ibizastagdo.com\/wp-content\/uploads\/pool-party-768x513.webp 768w, https:\/\/ibizastagdo.com\/wp-content\/uploads\/pool-party-1536x1026.webp 1536w, https:\/\/ibizastagdo.com\/wp-content\/uploads\/pool-party-18x12.webp 18w, https:\/\/ibizastagdo.com\/wp-content\/uploads\/pool-party.webp 1920w\" sizes=\"auto, (max-width: 1024px) 100vw, 1024px\" \/><figcaption class=\"wp-element-caption\">Die Anzahl der Poolpartys auf Ibiza ist atemberaubend<\/figcaption><\/figure>\n\n<h2 class=\"wp-block-heading\">\u00dcber die Insel<\/h2>\n\n<p>Ibiza ist eine kleine, aber atemberaubend sch\u00f6ne Insel im Mittelmeer. Sie ist die <strong>drittgr\u00f6\u00dfte der Balearen<\/strong> und verf\u00fcgt \u00fcber einige der sch\u00f6nsten Str\u00e4nde der Welt, kristallklares Wasser und versteckte Buchten, die zum Erkunden einladen.<\/p>\n\n<p>Aber die Insel hat noch mehr zu bieten als nur ihre <strong>atemberaubende K\u00fcste<\/strong>. Ibiza hat eine reiche Geschichte, die sich in seiner Architektur, Kultur und Lebensweise widerspiegelt. Die Insel ist seit pr\u00e4historischen Zeiten bewohnt und wurde von den Ph\u00f6niziern, R\u00f6mern, Mauren und Christen beeinflusst, die alle ihre Spuren auf der Insel hinterlassen haben.<\/p>\n\n<p>Ibiza ist auch f\u00fcr seine <strong>lebendige Musik- und Kunstszene<\/strong> bekannt, mit einem vielf\u00e4ltigen Angebot an Galerien, Konzerten und Festivals, die das ganze Jahr \u00fcber stattfinden. Die Insel hat eine einzigartige und <strong>eklektische Mischung von Menschen<\/strong>mit Einheimischen, Auswanderern und Besuchern aus der ganzen Welt, die zusammenkommen, um alles zu genie\u00dfen, was Ibiza zu bieten hat.<\/p>\n\n<h2 class=\"wp-block-heading\">Nachtleben auf Ibiza<\/h2>\n\n<p>Aber seien wir ehrlich, wir wissen alle, warum Sie wirklich hier sind: um das legend\u00e4re (aus gutem Grund) Nachtleben von Ibiza zu erleben.<\/p>\n\n<p>Auf der Insel gibt es <strong>einige der ber\u00fchmtesten Clubs und DJs der Welt<\/strong>und die Superclubs ziehen Menschen aus der ganzen Welt an. Wenn Sie auf der Suche nach einer unvergesslichen Nacht sind, empfehlen wir Ihnen einen Besuch in einem der gr\u00f6\u00dften Clubs der Insel.<\/p>\n\n<p>Das <strong>Pacha<\/strong> ist ein kultiger Club, den es schon seit den 1970er Jahren gibt und der den Ruf hat, einige der besten Partys auf Ibiza zu veranstalten. Ein weiterer Club, den man unbedingt besuchen sollte, ist das <strong>Amnesie<\/strong>, wo in mehreren R\u00e4umen eine Vielzahl von Musikrichtungen f\u00fcr jeden Geschmack gespielt wird. Und das <strong>Ushuaia<\/strong> ist bekannt f\u00fcr seine riesigen Freiluftb\u00fchnen und Poolpartys, auf denen man die Sonne genie\u00dfen kann, w\u00e4hrend man zu seinen Lieblingsliedern tanzt.<\/p>\n\n<figure class=\"wp-block-image size-large\"><img loading=\"lazy\" decoding=\"async\" width=\"1024\" height=\"683\" src=\"https:\/\/ibizastagdo.com\/wp-content\/uploads\/hi-ibiza-1-9-1024x683.webp\" alt=\"Hallo ibiza\" class=\"wp-image-968\" srcset=\"https:\/\/ibizastagdo.com\/wp-content\/uploads\/hi-ibiza-1-9-1024x683.webp 1024w, https:\/\/ibizastagdo.com\/wp-content\/uploads\/hi-ibiza-1-9-300x200.webp 300w, https:\/\/ibizastagdo.com\/wp-content\/uploads\/hi-ibiza-1-9-768x512.webp 768w, https:\/\/ibizastagdo.com\/wp-content\/uploads\/hi-ibiza-1-9-18x12.webp 18w, https:\/\/ibizastagdo.com\/wp-content\/uploads\/hi-ibiza-1-9.webp 1440w\" sizes=\"auto, (max-width: 1024px) 100vw, 1024px\" \/><figcaption class=\"wp-element-caption\">Das H\u00ef Ibiza wurde vom DJ Mag zum besten Club der Welt im Jahr 2022 gek\u00fcrt.<\/figcaption><\/figure>\n\n<p>Aber es sind nicht nur die namhaften Clubs, die das Nachtleben auf Ibiza so besonders machen. Die Insel verf\u00fcgt auch \u00fcber eine <strong>bl\u00fchende Underground-Szene<\/strong> mit kleineren Veranstaltungsorten und Partys \u00fcberall auf der Insel. F\u00fcr ein intimeres Partyerlebnis empfehlen sich Veranstaltungsorte wie Heart Ibiza oder DC-10, die beide f\u00fcr ihre einzigartige Atmosph\u00e4re und ihr Musikangebot bekannt sind.<\/p>\n\n<p>Einer der einzigartigsten Aspekte des Nachtlebens auf Ibiza ist die <strong>Vielfalt des Publikums<\/strong>. Hier tanzen Menschen aus allen Gesellschaftsschichten, Altersgruppen und mit unterschiedlichem Hintergrund bis in die fr\u00fchen Morgenstunden Seite an Seite. Es ist diese offene und akzeptierende Atmosph\u00e4re, die Ibiza zu einem so besonderen Ort zum Feiern macht.<\/p>\n\n<p>Aber seien wir ehrlich: Die Clubszene auf Ibiza kann \u00fcberw\u00e4ltigend sein, vor allem, wenn Sie das erste Mal auf der Insel sind. Hier kommen unsere <a href=\"https:\/\/ibizastagdo.com\/de\/partei\/\">Ibiza-Pakete f\u00fcr Junggesellenabschiede<\/a> ins Spiel.<\/p>\n\n<p>Unsere Pakete <strong>bieten Ihnen und Ihren Freunden die ultimative VIP-Behandlung<\/strong>mit Zugang zu den angesagtesten Clubs, privaten Tischen und exklusiven Veranstaltungen. Wir arbeiten mit den besten Clubs und Veranstaltern auf der Insel zusammen, um Ihnen einen unvergesslichen Abend zu garantieren.<\/p>\n\n<figure class=\"wp-block-image size-large\"><img loading=\"lazy\" decoding=\"async\" width=\"1024\" height=\"768\" src=\"https:\/\/ibizastagdo.com\/wp-content\/uploads\/jetski--1024x768.webp\" alt=\"Jetski\" class=\"wp-image-787\" srcset=\"https:\/\/ibizastagdo.com\/wp-content\/uploads\/jetski--1024x768.webp 1024w, https:\/\/ibizastagdo.com\/wp-content\/uploads\/jetski--300x225.webp 300w, https:\/\/ibizastagdo.com\/wp-content\/uploads\/jetski--768x576.webp 768w, https:\/\/ibizastagdo.com\/wp-content\/uploads\/jetski--1536x1152.webp 1536w, https:\/\/ibizastagdo.com\/wp-content\/uploads\/jetski--16x12.webp 16w, https:\/\/ibizastagdo.com\/wp-content\/uploads\/jetski-.webp 1920w\" sizes=\"auto, (max-width: 1024px) 100vw, 1024px\" \/><figcaption class=\"wp-element-caption\">Eine Jetski-Tour ist immer eine gute Wahl<\/figcaption><\/figure>\n\n<h2 class=\"wp-block-heading\">Unvergessliche Aktivit\u00e4ten<\/h2>\n\n<p>Nat\u00fcrlich hat Ibiza mehr zu bieten als nur Partys. Wenn Sie etwas Abwechslung suchen, haben Sie die Qual der Wahl zwischen zahlreichen unvergesslichen Aktivit\u00e4ten.<\/p>\n\n<p>Eine der beliebtesten Aktivit\u00e4ten auf der Insel sind verschiedene Arten von <strong>Wassersport<\/strong>. Mit seinem kristallklaren Wasser und dem sonnigen Wetter ist Ibiza der perfekte Ort, um alles auszuprobieren - von <a href=\"https:\/\/ibizastagdo.com\/de\/aktivitaten\/kajak-schnorcheltour\/\">Kajakfahren<\/a> und Paddleboarding bis hin zu <a href=\"https:\/\/ibizastagdo.com\/de\/aktivitaten\/jetski-tour\/\">Jetski<\/a> und Parasailing. Wenn Sie es etwas ruhiger angehen lassen m\u00f6chten, k\u00f6nnen Sie eine Bootstour um die Insel machen und die Landschaft in sich aufnehmen.<\/p>\n\n<p>Auch f\u00fcr Geschichts- und Kulturinteressierte hat Ibiza einiges zu bieten. Die <strong>befestigte<\/strong> <strong>Altstadt von Ibiza<\/strong>, auch bekannt als Dalt Vila, geh\u00f6rt zum UNESCO-Weltkulturerbe und bietet eine Reihe von historischen Geb\u00e4uden, Museen und Galerien. Die Insel beherbergt auch mehrere antike Ruinen, darunter die ph\u00f6nizische Siedlung Sa Caleta und die r\u00f6mische Stadt Ses Paisses.<\/p>\n\n<p>Und nat\u00fcrlich ist keine Reise nach Ibiza vollst\u00e4ndig ohne einen Tag am Strand. Bei <strong>mehr als 50 Str\u00e4nde<\/strong> ist f\u00fcr jeden Geschmack ein St\u00fcckchen Sand dabei. Egal, ob Sie auf der Suche nach einer lebhaften Partyszene oder einer abgeschiedenen Bucht sind, Ibiza hat alles zu bieten.<\/p>\n\n<h2 class=\"wp-block-heading\">Planen Sie Ihren unvergesslichen Junggesellenabschied auf Ibiza noch heute!<\/h2>\n\n<p>Egal, ob Sie auf der Suche nach pausenlosen Partys, adrenalingeladenen Aktivit\u00e4ten oder einer Mischung aus beidem sind, Ibiza hat f\u00fcr jeden etwas zu bieten.<\/p>\n\n<figure class=\"wp-block-image size-large\"><img loading=\"lazy\" decoding=\"async\" width=\"1024\" height=\"683\" src=\"https:\/\/ibizastagdo.com\/wp-content\/uploads\/ushuaia-ibiza-1-2-1024x683.webp\" alt=\"Ushuaia ibiza\" class=\"wp-image-992\" srcset=\"https:\/\/ibizastagdo.com\/wp-content\/uploads\/ushuaia-ibiza-1-2-1024x683.webp 1024w, https:\/\/ibizastagdo.com\/wp-content\/uploads\/ushuaia-ibiza-1-2-300x200.webp 300w, https:\/\/ibizastagdo.com\/wp-content\/uploads\/ushuaia-ibiza-1-2-768x512.webp 768w, https:\/\/ibizastagdo.com\/wp-content\/uploads\/ushuaia-ibiza-1-2-18x12.webp 18w, https:\/\/ibizastagdo.com\/wp-content\/uploads\/ushuaia-ibiza-1-2.webp 1440w\" sizes=\"auto, (max-width: 1024px) 100vw, 1024px\" \/><figcaption class=\"wp-element-caption\">Wir finden f\u00fcr Sie den besten Ort f\u00fcr Ihr Junggesellenwochenende<\/figcaption><\/figure>\n\n<p>Aber <strong>all das zu planen, ist definitiv nicht einfach<\/strong>. Deshalb sind wir f\u00fcr Sie da: Mit unserem Fachwissen \u00fcber die Insel und ihre Partyszene k\u00f6nnen wir Ihnen helfen, eine unvergessliche Reise zu organisieren, die auf die Vorlieben Ihrer Gruppe zugeschnitten ist.<\/p>\n\n<p>Warum \u00fcberlassen Sie also nicht die Details uns und konzentrieren sich darauf, eine fantastische Zeit mit Ihren Freunden zu verbringen?<\/p>\n\n<p>Wir k\u00fcmmern uns um alles, <strong>von der Unterkunft \u00fcber den Transport bis hin zu den Clubbeitr\u00e4gen<\/strong>. Alles, was Sie tun m\u00fcssen, ist, zu erscheinen und uns den Rest zu \u00fcberlassen. Mit unserer Hilfe k\u00f6nnen Sie das Beste, was Ibiza zu bieten hat, ohne Stress und Hektik erleben.<\/p>\n\n<p>Lassen Sie uns Ihnen helfen, eine unvergessliche Reise nach Ibiza zu planen, an die Sie und Ihre Freunde sich noch lange erinnern werden! <a href=\"https:\/\/jgaibiza.com\/anfrage\/\">\n  <strong>Erkundigen Sie sich noch heute<\/strong>\n<\/a> und machen Sie sich bereit, das Beste, was diese unglaubliche Insel zu bieten hat, zu erleben.<\/p>\n\n<div class=\"wp-block-buttons is-content-justification-right is-layout-flex wp-container-core-buttons-is-layout-765c4724 wp-block-buttons-is-layout-flex\">\n<div class=\"wp-block-button has-custom-width wp-block-button__width-75 has-custom-font-size has-medium-font-size\" style=\"font-style:normal;font-weight:700;text-transform:uppercase\"><a class=\"wp-block-button__link has-primary-background-color has-background wp-element-button\" href=\"https:\/\/jgaibiza.com\/anfrage\/\" style=\"border-radius:6px\"><strong>JETZT ANFRAGEN<\/strong><\/a><\/div>\n<\/div>","protected":false},"excerpt":{"rendered":"<p>Willkommen zum ultimativen Leitfaden f\u00fcr die Planung eines Junggesellenabschieds auf Ibiza! Diese wundersch\u00f6ne Insel ist bekannt f\u00fcr ihre herrlichen Str\u00e4nde, ihre lebhafte Atmosph\u00e4re und ihr unvergessliches Nachtleben. Wenn Sie auf der Suche nach einem epischen Abenteuer f\u00fcr Ihr Junggesellenwochenende sind, dann ist Ibiza der richtige Ort daf\u00fcr. \u00dcber die Insel Ibiza ist eine kleine, aber ... <a href=\"https:\/\/ibizastagdo.com\/de\/uber-ibiza-junggesellenabschied-fuehrer\/\">Fortsetzung<\/a><\/p>","protected":false},"author":37,"featured_media":1570,"parent":0,"menu_order":0,"comment_status":"closed","ping_status":"closed","template":"","meta":{"_acf_changed":false,"footnotes":""},"class_list":["post-2303","page","type-page","status-publish","has-post-thumbnail","hentry"],"acf":{"page_subheading":""},"_links":{"self":[{"href":"https:\/\/ibizastagdo.com\/de\/wp-json\/wp\/v2\/pages\/2303","targetHints":{"allow":["GET"]}}],"collection":[{"href":"https:\/\/ibizastagdo.com\/de\/wp-json\/wp\/v2\/pages"}],"about":[{"href":"https:\/\/ibizastagdo.com\/de\/wp-json\/wp\/v2\/types\/page"}],"author":[{"embeddable":true,"href":"https:\/\/ibizastagdo.com\/de\/wp-json\/wp\/v2\/users\/37"}],"replies":[{"embeddable":true,"href":"https:\/\/ibizastagdo.com\/de\/wp-json\/wp\/v2\/comments?post=2303"}],"version-history":[{"count":1,"href":"https:\/\/ibizastagdo.com\/de\/wp-json\/wp\/v2\/pages\/2303\/revisions"}],"predecessor-version":[{"id":2304,"href":"https:\/\/ibizastagdo.com\/de\/wp-json\/wp\/v2\/pages\/2303\/revisions\/2304"}],"wp:featuredmedia":[{"embeddable":true,"href":"https:\/\/ibizastagdo.com\/de\/wp-json\/wp\/v2\/media\/1570"}],"wp:attachment":[{"href":"https:\/\/ibizastagdo.com\/de\/wp-json\/wp\/v2\/media?parent=2303"}],"curies":[{"name":"wp","href":"https:\/\/api.w.org\/{rel}","templated":true}]}}