{"id":2306,"date":"2023-01-16T13:14:25","date_gmt":"2023-01-16T13:14:25","guid":{"rendered":"https:\/\/ibizastagdo.com\/chi-siamo\/"},"modified":"2023-03-21T09:23:59","modified_gmt":"2023-03-21T09:23:59","slug":"wer-sind-wir","status":"publish","type":"page","link":"https:\/\/ibizastagdo.com\/de\/wer-sind-wir\/","title":{"rendered":"Wer sind wir?"},"content":{"rendered":"<p>Io e il mio team di Ibiza Stag Do ci dedichiamo a rendere il vostro weekend di addio al celibato a Ibiza un'esperienza indimenticabile. Wir wissen, dass die Planung einer Reise eine anstrengende Angelegenheit sein kann, vor allem, wenn es sich um ein Zivildienst-Wochenende handelt, aber keine Sorge, wir sind f\u00fcr Sie da.<\/p>\n\n<h2 class=\"wp-block-heading\">Unser Bestreben nach einem ausgezeichneten Service<\/h2>\n\n<p>Wir verpflichten uns, Ihnen einen ausgezeichneten Service zu bieten und zu garantieren, dass Sie alles bekommen, was Sie brauchen. Wir stehen Ihnen jederzeit zur Verf\u00fcgung, um ein ma\u00dfgeschneidertes Reiseprogramm zu erstellen, das auf die Interessen und Vorlieben Ihrer Gruppe abgestimmt ist.<\/p>\n\n<p>Dank unserer Kenntnisse und Kompetenzen vor Ort helfen wir Ihnen, die h\u00e4ufigsten Fehler zu vermeiden und Ihren Aufenthalt auf Ibiza so angenehm wie m\u00f6glich zu gestalten. Ob es darum geht, das beste Angebot in der N\u00e4he des Hotels zu finden oder zu garantieren, dass Ihre Aktivit\u00e4ten unterhaltsam und sicher sind, wir k\u00fcmmern uns um alle Details.<\/p>\n\n<p>Unser Ziel ist es, Ihnen und Ihren Freunden ein unvergessliches und erlebnisreiches Wochenende zu garantieren.<\/p>\n\n<figure class=\"wp-block-image size-large\"><img loading=\"lazy\" decoding=\"async\" width=\"1024\" height=\"683\" src=\"https:\/\/ibizastagdo.com\/wp-content\/uploads\/ibiza-1-2-1024x683.webp\" alt=\"Ibiza\" class=\"wp-image-1038\" srcset=\"https:\/\/ibizastagdo.com\/wp-content\/uploads\/ibiza-1-2-1024x683.webp 1024w, https:\/\/ibizastagdo.com\/wp-content\/uploads\/ibiza-1-2-300x200.webp 300w, https:\/\/ibizastagdo.com\/wp-content\/uploads\/ibiza-1-2-768x512.webp 768w, https:\/\/ibizastagdo.com\/wp-content\/uploads\/ibiza-1-2-1536x1024.webp 1536w, https:\/\/ibizastagdo.com\/wp-content\/uploads\/ibiza-1-2-2048x1365.webp 2048w, https:\/\/ibizastagdo.com\/wp-content\/uploads\/ibiza-1-2-18x12.webp 18w, https:\/\/ibizastagdo.com\/wp-content\/uploads\/ibiza-1-2-scaled.webp 1920w\" sizes=\"auto, (max-width: 1024px) 100vw, 1024px\" \/><figcaption class=\"wp-element-caption\">Ibiza ist ein paradiesischer Ort<\/figcaption><\/figure>\n\n<h2 class=\"wp-block-heading\">La nostra esperienza nella pianificazione dell'addio al celibato<\/h2>\n\n<p>A Ibiza Stag Do siamo specializzati da anni nell'organizzazione di addii al celibato indimenticabili. Sappiamo cosa serve per rendere un addio al celibato indimenticabile e ci impegniamo a portare lo stesso livello di eccitazione e avventura a Ibiza.<\/p>\n\n<p>Unsere M\u00f6glichkeiten der Vorauszahlung machen es Ihnen leicht, eine fantastische Reise mit dem Z\u00f6libat schnell und effizient zu organisieren, so dass Sie die M\u00f6glichkeit haben, sich niederzulassen, zu entspannen und die Energie f\u00fcr die Reise Ihres Lebens zu sparen. Wir sind auch eine finanziell abgesicherte Gesellschaft, was bedeutet, dass Sie mit Sicherheit reisen k\u00f6nnen, ohne sich Sorgen machen zu m\u00fcssen, dass Ihre Einlage verloren geht.<\/p>\n\n<p>Was uns besonders am Herzen liegt, ist es, einen guten Service zu den besten Preisen zu bieten und solide Arbeitsbeziehungen mit unseren Partnern zu pflegen. I nostri partner offrono una gamma unica di attivit\u00e0, dall'esplorazione della costa panoramica dell'isola all'esperienza della sua vivace vita notturna.<\/p>\n\n<h2 class=\"wp-block-heading\">Unser pers\u00f6nlicher Ansatz<\/h2>\n\n<p>Wir sind uns bewusst, dass jede Gruppe von Freunden einzigartig ist, deshalb bieten wir Ihnen ein individuelles Konzept, um Ihr Wochenende auf Ibiza zu gestalten. Wir kennen Ihre W\u00fcnsche und Vorlieben und bieten Ihnen unsere Dienstleistungen an, um f\u00fcr Sie und Ihre Gruppe ein individuelles Erlebnis zu schaffen.  <\/p>\n\n<p>Unser engagiertes Team k\u00fcmmert sich um die gesamte Logistik und sorgt daf\u00fcr, dass alle Dateien ohne zus\u00e4tzliche Kosten f\u00fcr Sie abgeholt werden k\u00f6nnen.<\/p>\n\n<p>Dar\u00fcber hinaus, dank unseres Kundendienstes 24 Stunden am Tag, 7 Tage die Woche, wird jede Frage oder jedes Problem, das w\u00e4hrend Ihres Aufenthaltes auf Ibiza auftritt, sofort beantwortet. Wir geben Ihnen alle Informationen, die Sie ben\u00f6tigen, um Ihre Zeit auf dieser lebendigen Insel optimal zu nutzen.<\/p>\n\n<figure class=\"wp-block-image size-large\"><img loading=\"lazy\" decoding=\"async\" width=\"1024\" height=\"683\" src=\"https:\/\/ibizastagdo.com\/wp-content\/uploads\/eden-ibiza-1-2-1024x683.webp\" alt=\"Eden ibiza\" class=\"wp-image-918\" srcset=\"https:\/\/ibizastagdo.com\/wp-content\/uploads\/eden-ibiza-1-2-1024x683.webp 1024w, https:\/\/ibizastagdo.com\/wp-content\/uploads\/eden-ibiza-1-2-300x200.webp 300w, https:\/\/ibizastagdo.com\/wp-content\/uploads\/eden-ibiza-1-2-768x512.webp 768w, https:\/\/ibizastagdo.com\/wp-content\/uploads\/eden-ibiza-1-2-1536x1024.webp 1536w, https:\/\/ibizastagdo.com\/wp-content\/uploads\/eden-ibiza-1-2-18x12.webp 18w, https:\/\/ibizastagdo.com\/wp-content\/uploads\/eden-ibiza-1-2.webp 1920w\" sizes=\"auto, (max-width: 1024px) 100vw, 1024px\" \/><figcaption class=\"wp-element-caption\">Holen Sie sich das Maximum aus Ihrem Z\u00f6libat auf Ibiza mit unserer Hilfe<\/figcaption><\/figure>\n\n<h2 class=\"wp-block-heading\">Wir k\u00f6nnen die beste Z\u00f6libatserweiterung Ihres Lebens organisieren!<\/h2>\n\n<p>Dank unserer langj\u00e4hrigen Erfahrung und unserer Ortskenntnis k\u00f6nnen wir Zeit und Geld sparen, indem wir kostspielige Fehler und schlecht geplante Routen vermeiden.<\/p>\n\n<p>Deshalb bitten wir Sie, mit uns die endg\u00fcltige Feier der letzten Tage der Z\u00f6libatsfreiheit zu begehen. Contattateci <a href=\"https:\/\/addioalcelibatoibiza.com\/richiesta-di-informazioni\/\">subito<\/a> per iniziare a pianificare il vostro indimenticabile weekend a Ibiza.<\/p>\n\n<p>Se siete interestedati ad altre destinazioni per l'addio al celibato, consultate l'elenco qui sotto:<\/p>\n\n<ul class=\"wp-block-list\">\n<li><a href=\"https:\/\/amsterdam-stag-do.com\/\">Addio al celibato ad Amsterdam<\/a><\/li>\n\n\n\n<li><a href=\"https:\/\/berlin-stag-do.com\/\">Addio al celibato a Berlino<\/a><\/li>\n\n\n\n<li><a href=\"https:\/\/hamburgstagdo.com\/\">Addio al celibato ad Amburgo<\/a><\/li>\n\n\n\n<li><a href=\"https:\/\/hvarstagdo.com\/\">Addio al celibato a Hvar<\/a><\/li>\n\n\n\n<li><a href=\"https:\/\/lisbonstagdo.com\/\">Addio al celibato a Lisbona<\/a><\/li>\n\n\n\n<li><a href=\"https:\/\/munichstagdo.com\/\">Addio al celibato a Monaco<\/a><\/li>\n\n\n\n<li><a href=\"https:\/\/prague-stag-do.com\/\">Addio al celibato a Praga<\/a><\/li>\n\n\n\n<li><a href=\"https:\/\/riga-stag-do.com\/\">Addio al celibato a Riga<\/a><\/li>\n\n\n\n<li><a href=\"https:\/\/stagpartyljubljana.com\/\">Addio al celibato a Lubiana<\/a><\/li>\n\n\n\n<li><a href=\"https:\/\/stagdovegas.com\/\">Addio al celibato a Las Vegas<\/a><\/li>\n\n\n\n<li><a href=\"https:\/\/stagdobarcelona.com\/\">Addio al celibato a Barcellona<\/a><\/li>\n<\/ul>","protected":false},"excerpt":{"rendered":"<p>Io e il mio team di Ibiza Stag Do ci dedichiamo a rendere il vostro weekend di addio al celibato a Ibiza un&#8217;esperienza indimenticabile. Sappiamo che pianificare un viaggio pu\u00f2 essere un&#8217;impresa ardua, soprattutto se si tratta di un addio al celibato, ma non preoccupatevi, ci pensiamo noi. Il nostro impegno per un servizio eccezionale &hellip; <a href=\"https:\/\/ibizastagdo.com\/de\/wer-sind-wir\/\">Fortsetzung<\/a><\/p>","protected":false},"author":1,"featured_media":1557,"parent":0,"menu_order":0,"comment_status":"open","ping_status":"open","template":"","meta":{"_acf_changed":false,"footnotes":""},"class_list":["post-2306","page","type-page","status-publish","has-post-thumbnail","hentry"],"acf":{"page_subheading":""},"_links":{"self":[{"href":"https:\/\/ibizastagdo.com\/de\/wp-json\/wp\/v2\/pages\/2306","targetHints":{"allow":["GET"]}}],"collection":[{"href":"https:\/\/ibizastagdo.com\/de\/wp-json\/wp\/v2\/pages"}],"about":[{"href":"https:\/\/ibizastagdo.com\/de\/wp-json\/wp\/v2\/types\/page"}],"author":[{"embeddable":true,"href":"https:\/\/ibizastagdo.com\/de\/wp-json\/wp\/v2\/users\/1"}],"replies":[{"embeddable":true,"href":"https:\/\/ibizastagdo.com\/de\/wp-json\/wp\/v2\/comments?post=2306"}],"version-history":[{"count":2,"href":"https:\/\/ibizastagdo.com\/de\/wp-json\/wp\/v2\/pages\/2306\/revisions"}],"predecessor-version":[{"id":2311,"href":"https:\/\/ibizastagdo.com\/de\/wp-json\/wp\/v2\/pages\/2306\/revisions\/2311"}],"wp:featuredmedia":[{"embeddable":true,"href":"https:\/\/ibizastagdo.com\/de\/wp-json\/wp\/v2\/media\/1557"}],"wp:attachment":[{"href":"https:\/\/ibizastagdo.com\/de\/wp-json\/wp\/v2\/media?parent=2306"}],"curies":[{"name":"wp","href":"https:\/\/api.w.org\/{rel}","templated":true}]}}