{"id":647,"date":"2023-03-01T18:31:34","date_gmt":"2023-03-01T18:31:34","guid":{"rendered":"https:\/\/ibizastagdo.com\/?page_id=647"},"modified":"2023-03-10T09:08:53","modified_gmt":"2023-03-10T09:08:53","slug":"uber-ibiza","status":"publish","type":"page","link":"https:\/\/ibizastagdo.com\/de\/uber-ibiza\/","title":{"rendered":"\u00dcber Ibiza: Junggesellenabschiedsf\u00fchrer"},"content":{"rendered":"<p>Willkommen zum ultimativen Leitfaden f\u00fcr die Planung eines Junggesellenabschieds auf Ibiza! Diese wundersch\u00f6ne Insel ist bekannt f\u00fcr ihre atemberaubenden Str\u00e4nde, die lebhafte Atmosph\u00e4re und das unvergessliche Nachtleben. Wenn Sie auf der Suche nach einem epischen Abenteuer f\u00fcr Ihren Junggesellenabschied sind, dann ist Ibiza der richtige Ort daf\u00fcr.<\/p>\n\n\n\n<figure class=\"wp-block-image size-large\"><img loading=\"lazy\" decoding=\"async\" width=\"1024\" height=\"684\" src=\"https:\/\/ibizastagdo.com\/wp-content\/uploads\/pool-party-1024x684.webp\" alt=\"Pool-Party\" class=\"wp-image-876\" srcset=\"https:\/\/ibizastagdo.com\/wp-content\/uploads\/pool-party-1024x684.webp 1024w, https:\/\/ibizastagdo.com\/wp-content\/uploads\/pool-party-300x200.webp 300w, https:\/\/ibizastagdo.com\/wp-content\/uploads\/pool-party-768x513.webp 768w, https:\/\/ibizastagdo.com\/wp-content\/uploads\/pool-party-1536x1026.webp 1536w, https:\/\/ibizastagdo.com\/wp-content\/uploads\/pool-party-18x12.webp 18w, https:\/\/ibizastagdo.com\/wp-content\/uploads\/pool-party.webp 1920w\" sizes=\"auto, (max-width: 1024px) 100vw, 1024px\" \/><figcaption class=\"wp-element-caption\">Die Anzahl der Poolpartys auf Ibiza ist atemberaubend<\/figcaption><\/figure>\n\n\n\n<h2 class=\"wp-block-heading\">\u00dcber die Insel<\/h2>\n\n\n\n<p>Ibiza ist eine kleine, aber atemberaubend sch\u00f6ne Insel im Mittelmeer. Sie ist die <strong>drittgr\u00f6\u00dfte der Baleareninseln<\/strong> und bietet einige der sch\u00f6nsten Str\u00e4nde der Welt, kristallklares Wasser und versteckte Buchten, die zum Erkunden einladen.<\/p>\n\n\n\n<p>Aber die Insel hat mehr zu bieten als nur ihre <strong>atemberaubende K\u00fcstenlinie<\/strong>. Ibiza hat eine reiche Geschichte, die sich in seiner Architektur, Kultur und Lebensweise widerspiegelt. Die Insel ist seit pr\u00e4historischen Zeiten bewohnt und wurde von den Ph\u00f6niziern, R\u00f6mern, Mauren und Christen beeinflusst, die alle ihre Spuren auf der Insel hinterlassen haben.<\/p>\n\n\n\n<p>Ibiza ist auch bekannt f\u00fcr seine <strong>eine lebendige Musik- und Kunstszene<\/strong>Die Insel bietet das ganze Jahr \u00fcber ein vielf\u00e4ltiges Angebot an Galerien, Konzerten und Festivals. Die Insel hat eine einzigartige und <strong>eklektische Mischung von Menschen<\/strong>Einheimische, Auswanderer und Besucher aus der ganzen Welt kommen zusammen, um alles zu genie\u00dfen, was Ibiza zu bieten hat.<\/p>\n\n\n\n<h2 class=\"wp-block-heading\">Nachtleben auf Ibiza<\/h2>\n\n\n\n<p>Aber seien wir ehrlich, wir alle wissen, warum Sie wirklich hier sind: um das legend\u00e4re (aus gutem Grund) Nachtleben von Ibiza zu erleben.<\/p>\n\n\n\n<p>Die Insel verf\u00fcgt \u00fcber <strong>einige der ber\u00fchmtesten Clubs und DJs der Welt<\/strong>Mit Superclubs, die Menschen aus aller Welt anlocken. Wenn Sie auf der Suche nach einer unvergesslichen Nacht sind, empfehlen wir Ihnen einen Besuch in einem der gr\u00f6\u00dften Clubs der Insel.<\/p>\n\n\n\n<p><strong>Pacha<\/strong> ist ein kultiger Veranstaltungsort, den es bereits seit den 1970er Jahren gibt und der den Ruf hat, einige der besten Partys auf Ibiza zu veranstalten. <strong>Amnesie<\/strong> ist ein weiterer Club, den man unbedingt besuchen sollte. In mehreren S\u00e4len wird eine Vielzahl von Musikrichtungen gespielt, die f\u00fcr jeden Geschmack etwas bieten. Und <strong>Ushuaia<\/strong> ist bekannt f\u00fcr seine gro\u00dfe Freiluftb\u00fchne und die Poolpartys, bei denen Sie die Sonne genie\u00dfen und zu Ihren Lieblingsliedern tanzen k\u00f6nnen.<\/p>\n\n\n\n<figure class=\"wp-block-image size-large\"><img loading=\"lazy\" decoding=\"async\" width=\"1024\" height=\"683\" src=\"https:\/\/ibizastagdo.com\/wp-content\/uploads\/hi-ibiza-1-9-1024x683.webp\" alt=\"Hallo ibiza\" class=\"wp-image-968\" srcset=\"https:\/\/ibizastagdo.com\/wp-content\/uploads\/hi-ibiza-1-9-1024x683.webp 1024w, https:\/\/ibizastagdo.com\/wp-content\/uploads\/hi-ibiza-1-9-300x200.webp 300w, https:\/\/ibizastagdo.com\/wp-content\/uploads\/hi-ibiza-1-9-768x512.webp 768w, https:\/\/ibizastagdo.com\/wp-content\/uploads\/hi-ibiza-1-9-18x12.webp 18w, https:\/\/ibizastagdo.com\/wp-content\/uploads\/hi-ibiza-1-9.webp 1440w\" sizes=\"auto, (max-width: 1024px) 100vw, 1024px\" \/><figcaption class=\"wp-element-caption\">Das H\u00ef Ibiza wurde vom DJ Mag zum besten Club der Welt im Jahr 2022 gek\u00fcrt.<\/figcaption><\/figure>\n\n\n\n<p>Aber es sind nicht nur die namhaften Clubs, die das Nachtleben auf Ibiza so besonders machen. Die Insel hat eine <strong>bl\u00fchende Untergrundszene<\/strong> Auch hier gibt es \u00fcberall auf der Insel kleinere Veranstaltungsorte und Partys. F\u00fcr ein intimeres Party-Erlebnis sollten Sie Orte wie Heart Ibiza oder DC-10 aufsuchen, die beide f\u00fcr ihre einzigartige Atmosph\u00e4re und ihr Musikangebot bekannt sind.<\/p>\n\n\n\n<p>Einer der einzigartigsten Aspekte des Nachtlebens auf Ibiza ist die <strong>die Vielfalt der Menschenmassen<\/strong>. Hier tanzen Menschen aus allen Gesellschaftsschichten, Altersgruppen und Hintergr\u00fcnden Seite an Seite bis in die fr\u00fchen Morgenstunden. Es ist diese offene und akzeptierende Atmosph\u00e4re, die Ibiza zu einem so besonderen Ort zum Feiern macht.<\/p>\n\n\n\n<p>Aber seien wir ehrlich: Die Clubszene auf Ibiza kann \u00fcberw\u00e4ltigend sein, vor allem, wenn man zum ersten Mal auf der Insel ist. Hier kommt unser <a href=\"https:\/\/ibizastagdo.com\/de\/partei\/\">Ibiza Junggesellenabschied Pakete<\/a> kommen.<\/p>\n\n\n\n<p>Unsere Pakete sind darauf ausgerichtet <strong>dir und deinen Freunden die ultimative VIP-Behandlung bieten<\/strong>mit Zugang zu den angesagtesten Clubs, privaten Tischen und exklusiven Veranstaltungen. Wir arbeiten mit den besten Clubs und Veranstaltern auf der Insel zusammen, um sicherzustellen, dass Sie eine unvergessliche Nacht erleben.<\/p>\n\n\n\n<figure class=\"wp-block-image size-large\"><img loading=\"lazy\" decoding=\"async\" width=\"1024\" height=\"768\" src=\"https:\/\/ibizastagdo.com\/wp-content\/uploads\/jetski--1024x768.webp\" alt=\"Jetski\" class=\"wp-image-787\" srcset=\"https:\/\/ibizastagdo.com\/wp-content\/uploads\/jetski--1024x768.webp 1024w, https:\/\/ibizastagdo.com\/wp-content\/uploads\/jetski--300x225.webp 300w, https:\/\/ibizastagdo.com\/wp-content\/uploads\/jetski--768x576.webp 768w, https:\/\/ibizastagdo.com\/wp-content\/uploads\/jetski--1536x1152.webp 1536w, https:\/\/ibizastagdo.com\/wp-content\/uploads\/jetski--16x12.webp 16w, https:\/\/ibizastagdo.com\/wp-content\/uploads\/jetski-.webp 1920w\" sizes=\"auto, (max-width: 1024px) 100vw, 1024px\" \/><figcaption class=\"wp-element-caption\">Eine Jetski-Tour ist immer eine gute Wahl<\/figcaption><\/figure>\n\n\n\n<h2 class=\"wp-block-heading\">Unvergessliche Aktivit\u00e4ten<\/h2>\n\n\n\n<p>Nat\u00fcrlich hat Ibiza mehr zu bieten als nur Partys. Wenn Sie etwas Abwechslung suchen und etwas anderes ausprobieren m\u00f6chten, k\u00f6nnen Sie aus einer Vielzahl von unvergesslichen Aktivit\u00e4ten w\u00e4hlen.<\/p>\n\n\n\n<p>Eine der beliebtesten Aktivit\u00e4ten auf der Insel sind verschiedene Arten von <strong>Wassersportarten<\/strong>. Mit seinem kristallklaren Wasser und dem sonnigen Wetter ist Ibiza der perfekte Ort, um alles auszuprobieren, von <a href=\"https:\/\/ibizastagdo.com\/de\/aktivitaten\/kajak-schnorcheltour\/\">Kajakfahren<\/a> und Paddleboarding zu <a href=\"https:\/\/ibizastagdo.com\/de\/aktivitaten\/jetski-tour\/\">Jetskifahren<\/a> und Parasailing. Wer es entspannter mag, kann eine Bootstour um die Insel machen und die Landschaft genie\u00dfen.<\/p>\n\n\n\n<p>Auch f\u00fcr Geschichts- und Kulturinteressierte hat Ibiza einiges zu bieten. Die <strong>gest\u00e4rkt<\/strong> <strong>Altstadt von Ibiza<\/strong>Dalt Vila, auch bekannt als Dalt Vila, geh\u00f6rt zum UNESCO-Weltkulturerbe und beherbergt eine Reihe von historischen Geb\u00e4uden, Museen und Galerien. Die Insel beherbergt auch mehrere antike Ruinen, darunter die ph\u00f6nizische Siedlung Sa Caleta und die r\u00f6mische Stadt Ses Paisses.<\/p>\n\n\n\n<p>Und nat\u00fcrlich ist keine Reise nach Ibiza vollst\u00e4ndig ohne einen Tag am Strand. Mit <strong>\u00fcber 50 Str\u00e4nde zur Auswahl<\/strong>gibt es f\u00fcr jeden Geschmack den passenden Strandabschnitt. Egal, ob Sie auf der Suche nach einer lebhaften Partyszene oder einer abgelegenen Bucht sind, Ibiza hat alles zu bieten.<\/p>\n\n\n\n<h2 class=\"wp-block-heading\">Planen Sie Ihren unvergesslichen Junggesellenabschied auf Ibiza noch heute!<\/h2>\n\n\n\n<p>Egal, ob Sie auf der Suche nach pausenlosen Partys, adrenalingeladenen Aktivit\u00e4ten oder einer Mischung aus beidem sind, Ibiza hat f\u00fcr jeden etwas zu bieten.<\/p>\n\n\n\n<figure class=\"wp-block-image size-large\"><img loading=\"lazy\" decoding=\"async\" width=\"1024\" height=\"683\" src=\"https:\/\/ibizastagdo.com\/wp-content\/uploads\/ushuaia-ibiza-1-2-1024x683.webp\" alt=\"Ushuaia ibiza\" class=\"wp-image-992\" srcset=\"https:\/\/ibizastagdo.com\/wp-content\/uploads\/ushuaia-ibiza-1-2-1024x683.webp 1024w, https:\/\/ibizastagdo.com\/wp-content\/uploads\/ushuaia-ibiza-1-2-300x200.webp 300w, https:\/\/ibizastagdo.com\/wp-content\/uploads\/ushuaia-ibiza-1-2-768x512.webp 768w, https:\/\/ibizastagdo.com\/wp-content\/uploads\/ushuaia-ibiza-1-2-18x12.webp 18w, https:\/\/ibizastagdo.com\/wp-content\/uploads\/ushuaia-ibiza-1-2.webp 1440w\" sizes=\"auto, (max-width: 1024px) 100vw, 1024px\" \/><figcaption class=\"wp-element-caption\">Wir finden f\u00fcr Sie den besten Ort f\u00fcr Ihr Junggesellenwochenende<\/figcaption><\/figure>\n\n\n\n<p>Aber <strong>all dies zu planen ist definitiv nicht einfach<\/strong>Mit unserem Fachwissen \u00fcber die Insel und ihre Partyszene k\u00f6nnen wir Ihnen helfen, eine unvergessliche Reise zu organisieren, die auf die W\u00fcnsche Ihrer Gruppe zugeschnitten ist.<\/p>\n\n\n\n<p>Warum \u00fcberlassen Sie also nicht die Details uns und konzentrieren sich darauf, eine gro\u00dfartige Zeit mit Ihren Freunden zu verbringen?<\/p>\n\n\n\n<p>Wir k\u00fcmmern uns um alles, <strong>von der Unterkunft \u00fcber den Transport bis hin zu den Clubbeitr\u00e4gen<\/strong>. Alles, was Sie tun m\u00fcssen, ist aufzutauchen und uns den Rest zu \u00fcberlassen. Mit unserer Hilfe k\u00f6nnen Sie das Beste, was Ibiza zu bieten hat, ohne Stress und Hektik erleben.<\/p>\n\n\n\n<p>Lassen Sie uns Ihnen helfen, eine unvergessliche Reise nach Ibiza zu planen, an die Sie und Ihre Freunde sich noch lange erinnern werden! <a href=\"https:\/\/ibizastagdo.com\/de\/anfrage-2\/\"><strong>Heute anfragen<\/strong><\/a> und machen Sie sich bereit, das Beste, was diese unglaubliche Insel zu bieten hat, zu erleben.<\/p>\n\n\n\n<div class=\"wp-block-buttons is-content-justification-right is-layout-flex wp-container-core-buttons-is-layout-765c4724 wp-block-buttons-is-layout-flex\">\n<div class=\"wp-block-button has-custom-width wp-block-button__width-75 has-custom-font-size has-medium-font-size\" style=\"font-style:normal;font-weight:700;text-transform:uppercase\"><a class=\"wp-block-button__link has-primary-background-color has-background wp-element-button\" href=\"https:\/\/ibizastagdo.com\/de\/anfrage-2\/\" style=\"border-radius:6px\"><strong>JETZT ANFRAGEN<\/strong><\/a><\/div>\n<\/div>","protected":false},"excerpt":{"rendered":"<p>Willkommen zum ultimativen Leitfaden f\u00fcr die Planung eines Junggesellenabschieds auf Ibiza! Diese wundersch\u00f6ne Insel ist bekannt f\u00fcr ihre atemberaubenden Str\u00e4nde, die lebhafte Atmosph\u00e4re und das unvergessliche Nachtleben. Wenn Sie auf der Suche nach einem epischen Abenteuer f\u00fcr Ihren Junggesellenabschied sind, dann ist Ibiza der richtige Ort f\u00fcr Sie. \u00dcber die Insel Ibiza ist eine kleine, aber atemberaubend sch\u00f6ne Insel ... <a href=\"https:\/\/ibizastagdo.com\/de\/uber-ibiza\/\">Fortsetzung<\/a><\/p>","protected":false},"author":37,"featured_media":1047,"parent":0,"menu_order":0,"comment_status":"closed","ping_status":"closed","template":"","meta":{"_acf_changed":false,"footnotes":""},"class_list":["post-647","page","type-page","status-publish","has-post-thumbnail","hentry"],"acf":{"page_subheading":"Plan an epic stag do in Ibiza with our ultimate guide \u2014 discovering the island's epic nightlife, stunning beaches, and unforgettable activities."},"_links":{"self":[{"href":"https:\/\/ibizastagdo.com\/de\/wp-json\/wp\/v2\/pages\/647","targetHints":{"allow":["GET"]}}],"collection":[{"href":"https:\/\/ibizastagdo.com\/de\/wp-json\/wp\/v2\/pages"}],"about":[{"href":"https:\/\/ibizastagdo.com\/de\/wp-json\/wp\/v2\/types\/page"}],"author":[{"embeddable":true,"href":"https:\/\/ibizastagdo.com\/de\/wp-json\/wp\/v2\/users\/37"}],"replies":[{"embeddable":true,"href":"https:\/\/ibizastagdo.com\/de\/wp-json\/wp\/v2\/comments?post=647"}],"version-history":[{"count":8,"href":"https:\/\/ibizastagdo.com\/de\/wp-json\/wp\/v2\/pages\/647\/revisions"}],"predecessor-version":[{"id":1276,"href":"https:\/\/ibizastagdo.com\/de\/wp-json\/wp\/v2\/pages\/647\/revisions\/1276"}],"wp:featuredmedia":[{"embeddable":true,"href":"https:\/\/ibizastagdo.com\/de\/wp-json\/wp\/v2\/media\/1047"}],"wp:attachment":[{"href":"https:\/\/ibizastagdo.com\/de\/wp-json\/wp\/v2\/media?parent=647"}],"curies":[{"name":"wp","href":"https:\/\/api.w.org\/{rel}","templated":true}]}}