{"id":648,"date":"2023-03-01T18:28:48","date_gmt":"2023-03-01T18:28:48","guid":{"rendered":"https:\/\/ibizastagdo.com\/?page_id=648"},"modified":"2023-03-02T17:36:38","modified_gmt":"2023-03-02T17:36:38","slug":"wie-man-nach-ibiza-kommt","status":"publish","type":"page","link":"https:\/\/ibizastagdo.com\/de\/wie-man-nach-ibiza-kommt\/","title":{"rendered":"Wie kommt man nach Ibiza?"},"content":{"rendered":"<p>Ibiza ist ein beliebtes Reiseziel f\u00fcr Junggesellen und andere Touristen, und mit seinen atemberaubenden Str\u00e4nden, dem pulsierenden Nachtleben und der wundersch\u00f6nen Landschaft ist es kein Wunder, warum. Egal, ob Sie einen entspannten Urlaub oder einen actionreichen Junggesellenabschied planen, die Anreise nach Ibiza ist einfach und bequem. In diesem Leitfaden stellen wir Ihnen die verschiedenen M\u00f6glichkeiten vor, wie Sie diese wundersch\u00f6ne Baleareninsel erreichen k\u00f6nnen.<\/p>\n\n\n\n<figure class=\"wp-block-image size-large\"><img loading=\"lazy\" decoding=\"async\" width=\"1024\" height=\"576\" src=\"https:\/\/ibizastagdo.com\/wp-content\/uploads\/ibiza-airport-1024x576.webp\" alt=\"Ibiza Flughafen\" class=\"wp-image-1096\" srcset=\"https:\/\/ibizastagdo.com\/wp-content\/uploads\/ibiza-airport-1024x576.webp 1024w, https:\/\/ibizastagdo.com\/wp-content\/uploads\/ibiza-airport-300x169.webp 300w, https:\/\/ibizastagdo.com\/wp-content\/uploads\/ibiza-airport-768x432.webp 768w, https:\/\/ibizastagdo.com\/wp-content\/uploads\/ibiza-airport-1536x864.webp 1536w, https:\/\/ibizastagdo.com\/wp-content\/uploads\/ibiza-airport-2048x1152.webp 2048w, https:\/\/ibizastagdo.com\/wp-content\/uploads\/ibiza-airport-18x10.webp 18w, https:\/\/ibizastagdo.com\/wp-content\/uploads\/ibiza-airport-scaled.webp 1920w\" sizes=\"auto, (max-width: 1024px) 100vw, 1024px\" \/><figcaption class=\"wp-element-caption\">Ankunft am Flughafen von Ibiza<\/figcaption><\/figure>\n\n\n\n<h2 class=\"wp-block-heading\">Fliegen nach Ibiza<\/h2>\n\n\n\n<p>Die bequemste und schnellste Art, nach Ibiza zu kommen, ist der Flug. Der Flughafen von Ibiza (IBZ) ist gut an mehrere europ\u00e4ische Gro\u00dfst\u00e4dte angebunden, darunter auch London. Es gibt mehrere Fluggesellschaften, die Ibiza von London aus anfliegen, darunter Billigflieger wie Ryanair und easyJet, aber auch Full-Service-Airlines wie British Airways.<\/p>\n\n\n\n<p>Wenn Sie ankommen, k\u00f6nnen wir immer <a href=\"https:\/\/ibizastagdo.com\/de\/uberweisungen\/flughafen-und-stadttransfer\/\">Sie am Flughafen abholen<\/a> und bringen Sie zu Ihrer Unterkunft.<\/p>\n\n\n\n<h2 class=\"wp-block-heading\">Mit der F\u00e4hre nach Ibiza<\/h2>\n\n\n\n<p>Eine weitere M\u00f6glichkeit, nach Ibiza zu gelangen, ist die F\u00e4hre. Es gibt F\u00e4hren, die sowohl vom spanischen Festland als auch von der nahe gelegenen Insel Mallorca verkehren. Dies ist eine gute Option, wenn Sie mit einer gro\u00dfen Gruppe oder mit viel Gep\u00e4ck reisen. Die Fahrt mit der F\u00e4hre dauert etwa 2 bis 3 Stunden, und wenn Sie auf Ibiza angekommen sind, k\u00f6nnen Sie ein Taxi oder einen Bus zu Ihrem endg\u00fcltigen Ziel nehmen.<\/p>\n\n\n\n<h2 class=\"wp-block-heading\">Fortbewegung auf Ibiza<\/h2>\n\n\n\n<p>Wenn Sie auf Ibiza angekommen sind, haben Sie mehrere M\u00f6glichkeiten, sich auf der Insel fortzubewegen. Sie k\u00f6nnen ein Auto mieten, ein Taxi nehmen oder die \u00f6ffentlichen Verkehrsmittel benutzen. Aber um es Ihnen leichter zu machen und sich nicht mit der ganzen Logistik zu belasten, schauen Sie sich unsere <a href=\"https:\/\/ibizastagdo.com\/de\/uberweisungen\/\">\u00dcberweisungen<\/a>.<\/p>\n\n\n\n<figure class=\"wp-block-image size-large\"><img loading=\"lazy\" decoding=\"async\" width=\"1024\" height=\"683\" src=\"https:\/\/ibizastagdo.com\/wp-content\/uploads\/ibiza-1-9-1024x683.webp\" alt=\"Ibiza\" class=\"wp-image-1045\" srcset=\"https:\/\/ibizastagdo.com\/wp-content\/uploads\/ibiza-1-9-1024x683.webp 1024w, https:\/\/ibizastagdo.com\/wp-content\/uploads\/ibiza-1-9-300x200.webp 300w, https:\/\/ibizastagdo.com\/wp-content\/uploads\/ibiza-1-9-768x512.webp 768w, https:\/\/ibizastagdo.com\/wp-content\/uploads\/ibiza-1-9-1536x1024.webp 1536w, https:\/\/ibizastagdo.com\/wp-content\/uploads\/ibiza-1-9-2048x1365.webp 2048w, https:\/\/ibizastagdo.com\/wp-content\/uploads\/ibiza-1-9-18x12.webp 18w, https:\/\/ibizastagdo.com\/wp-content\/uploads\/ibiza-1-9-scaled.webp 1920w\" sizes=\"auto, (max-width: 1024px) 100vw, 1024px\" \/><figcaption class=\"wp-element-caption\">Einfach zu erreichen; Einfach zum Verlieben<\/figcaption><\/figure>\n\n\n\n<p>Zusammenfassend l\u00e4sst sich sagen, dass die Anreise nach Ibiza einfach und bequem ist und es mehrere M\u00f6glichkeiten gibt, die Ihren Bed\u00fcrfnissen und Ihrem Budget entsprechen. Egal, ob Sie fliegen oder die F\u00e4hre nehmen, Sie werden in der Lage sein, auf diese wundersch\u00f6ne Insel zu gelangen und Ihr episches Junggesellenwochenende zu beginnen.<\/p>","protected":false},"excerpt":{"rendered":"<p>Ibiza ist ein beliebtes Reiseziel f\u00fcr Junggesellen und andere Touristen, und mit seinen atemberaubenden Str\u00e4nden, dem pulsierenden Nachtleben und der wundersch\u00f6nen Landschaft ist es kein Wunder, warum. Egal, ob Sie einen entspannten Urlaub oder einen actionreichen Junggesellenabschied planen, die Anreise nach Ibiza ist einfach und bequem. In diesem Leitfaden stellen wir Ihnen die verschiedenen M\u00f6glichkeiten vor, wie Sie diese wundersch\u00f6ne Insel ... <a href=\"https:\/\/ibizastagdo.com\/de\/wie-man-nach-ibiza-kommt\/\">Fortsetzung<\/a><\/p>","protected":false},"author":37,"featured_media":1043,"parent":0,"menu_order":0,"comment_status":"closed","ping_status":"closed","template":"","meta":{"_acf_changed":false,"footnotes":""},"class_list":["post-648","page","type-page","status-publish","has-post-thumbnail","hentry"],"acf":{"page_subheading":"Discover the best ways to reach the party capital of the world for your stag do. Find out about flying to Ibiza, taking the ferry, and getting around once you arrive."},"_links":{"self":[{"href":"https:\/\/ibizastagdo.com\/de\/wp-json\/wp\/v2\/pages\/648","targetHints":{"allow":["GET"]}}],"collection":[{"href":"https:\/\/ibizastagdo.com\/de\/wp-json\/wp\/v2\/pages"}],"about":[{"href":"https:\/\/ibizastagdo.com\/de\/wp-json\/wp\/v2\/types\/page"}],"author":[{"embeddable":true,"href":"https:\/\/ibizastagdo.com\/de\/wp-json\/wp\/v2\/users\/37"}],"replies":[{"embeddable":true,"href":"https:\/\/ibizastagdo.com\/de\/wp-json\/wp\/v2\/comments?post=648"}],"version-history":[{"count":6,"href":"https:\/\/ibizastagdo.com\/de\/wp-json\/wp\/v2\/pages\/648\/revisions"}],"predecessor-version":[{"id":1101,"href":"https:\/\/ibizastagdo.com\/de\/wp-json\/wp\/v2\/pages\/648\/revisions\/1101"}],"wp:featuredmedia":[{"embeddable":true,"href":"https:\/\/ibizastagdo.com\/de\/wp-json\/wp\/v2\/media\/1043"}],"wp:attachment":[{"href":"https:\/\/ibizastagdo.com\/de\/wp-json\/wp\/v2\/media?parent=648"}],"curies":[{"name":"wp","href":"https:\/\/api.w.org\/{rel}","templated":true}]}}