{"id":2285,"date":"2023-01-16T13:14:25","date_gmt":"2023-01-16T13:14:25","guid":{"rendered":"https:\/\/ibizastagdo.com\/ueber-uns\/"},"modified":"2023-03-21T09:23:39","modified_gmt":"2023-03-21T09:23:39","slug":"ueber-uns","status":"publish","type":"page","link":"https:\/\/ibizastagdo.com\/it\/ueber-uns\/","title":{"rendered":"\u00dcber uns"},"content":{"rendered":"<p>Il mio team e io di Ibiza Stag Do siamo convinti che il vostro Junggesellenwochenende a Ibiza sia un evento straordinario. Siamo consapevoli del fatto che la pianificazione di un viaggio pu\u00f2 essere molto complessa, soprattutto se si tratta di un viaggio di gruppo, ma non \u00e8 un problema, abbiamo tutto per voi.<\/p>\n\n<h2 class=\"wp-block-heading\">Il nostro impegno per un servizio migliore<\/h2>\n\n<p>Siamo convinti di poter offrire un servizio eccellente e di poter offrire un servizio di qualit\u00e0. Lavoriamo insieme a voi per creare un percorso di viaggio eccellente, che risponda agli interessi e ai desideri del vostro gruppo.<\/p>\n\n<p>Con la nostra esperienza e la nostra competenza vi aiutiamo a risolvere i problemi e a ottenere il meglio dal vostro soggiorno a Ibiza. Sia che si tratti di trovare la migliore struttura ricettiva nella zona dei luoghi di villeggiatura, sia che si tratti di garantire che le attivit\u00e0 siano tanto divertenti quanto sicure, noi ci impegniamo per tutti i dettagli.<\/p>\n\n<p>Unser Ziel is es, Ihnen und Ihren Freunden ein unvergessliches Wochenende mit vielen tollen Erinnerungen zu bereiten.<\/p>\n\n<figure class=\"wp-block-image size-large\"><img loading=\"lazy\" decoding=\"async\" width=\"1024\" height=\"683\" src=\"https:\/\/ibizastagdo.com\/wp-content\/uploads\/ibiza-1-2-1024x683.webp\" alt=\"Ibiza\" class=\"wp-image-1038\" srcset=\"https:\/\/ibizastagdo.com\/wp-content\/uploads\/ibiza-1-2-1024x683.webp 1024w, https:\/\/ibizastagdo.com\/wp-content\/uploads\/ibiza-1-2-300x200.webp 300w, https:\/\/ibizastagdo.com\/wp-content\/uploads\/ibiza-1-2-768x512.webp 768w, https:\/\/ibizastagdo.com\/wp-content\/uploads\/ibiza-1-2-1536x1024.webp 1536w, https:\/\/ibizastagdo.com\/wp-content\/uploads\/ibiza-1-2-2048x1365.webp 2048w, https:\/\/ibizastagdo.com\/wp-content\/uploads\/ibiza-1-2-18x12.webp 18w, https:\/\/ibizastagdo.com\/wp-content\/uploads\/ibiza-1-2-scaled.webp 1920w\" sizes=\"auto, (max-width: 1024px) 100vw, 1024px\" \/><figcaption class=\"wp-element-caption\">Ibiza \u00e8 un luogo paradisiaco<\/figcaption><\/figure>\n\n<h2 class=\"wp-block-heading\">La nostra competenza in materia di pianificazione degli impianti di produzione di gioielli<\/h2>\n\n<p>Noi di Ibiza Stag Do siamo da anni specializzati nell'organizzazione di eventi inverosimili. Sappiamo bene cosa sia necessario fare per ottenere un evento inverosimile e ci siamo prefissati di raggiungere l'obiettivo di portare lo stesso livello di divertimento e divertimento a Ibiza.<\/p>\n\n<p>Le nostre flessibili opzioni di acquisto consentono di realizzare in modo semplice, rapido ed efficiente una splendida vacanza nella giungla, in modo tale che i clienti possano risparmiare energia per il viaggio della loro vita. Inoltre, siamo un'azienda finanziariamente abgesichertes, il che significa che i nostri clienti possono contare su un'ottima salute e che non devono temere che la loro salute sia compromessa.<\/p>\n\n<p>La cosa pi\u00f9 importante per noi \u00e8 che offriamo un servizio eccellente ai migliori prezzi e offriamo ottime opportunit\u00e0 di lavoro ai nostri partner. I nostri partner offrono un'offerta di attivit\u00e0 di alto livello, dall'esplorazione delle foreste malesi dell'isola fino al divertimento notturno dell'isola.<\/p>\n\n<h2 class=\"wp-block-heading\">Il nostro approccio individuale<\/h2>\n\n<p>Sappiamo che ogni gruppo di amici \u00e8 speciale, per questo motivo pianifichiamo il nostro soggiorno a Ibiza in modo del tutto individuale. Ci basiamo sui suoi desideri e sulle sue esigenze e le offriamo un servizio eccellente, che si rivolge in modo particolare a lei e al suo gruppo.  <\/p>\n\n<p>Il nostro team si concentra su tutta la logistica e si augura che tutto funzioni in modo affidabile, senza che ci\u00f2 comporti costi aggiuntivi per i clienti.<\/p>\n\n<p>Inoltre, potete verificare che il nostro servizio di assistenza 24 ore su 24, 7 giorni su 7, vi aiuter\u00e0 a risolvere tutti i problemi e le domande che vi si presenteranno durante la vostra vacanza a Ibiza. Vi forniamo tutte le informazioni che desiderate, per ottenere il meglio dal vostro soggiorno su questa isola.<\/p>\n\n<figure class=\"wp-block-image size-large\"><img loading=\"lazy\" decoding=\"async\" width=\"1024\" height=\"683\" src=\"https:\/\/ibizastagdo.com\/wp-content\/uploads\/eden-ibiza-1-2-1024x683.webp\" alt=\"Eden ibiza\" class=\"wp-image-918\" srcset=\"https:\/\/ibizastagdo.com\/wp-content\/uploads\/eden-ibiza-1-2-1024x683.webp 1024w, https:\/\/ibizastagdo.com\/wp-content\/uploads\/eden-ibiza-1-2-300x200.webp 300w, https:\/\/ibizastagdo.com\/wp-content\/uploads\/eden-ibiza-1-2-768x512.webp 768w, https:\/\/ibizastagdo.com\/wp-content\/uploads\/eden-ibiza-1-2-1536x1024.webp 1536w, https:\/\/ibizastagdo.com\/wp-content\/uploads\/eden-ibiza-1-2-18x12.webp 18w, https:\/\/ibizastagdo.com\/wp-content\/uploads\/eden-ibiza-1-2.webp 1920w\" sizes=\"auto, (max-width: 1024px) 100vw, 1024px\" \/><figcaption class=\"wp-element-caption\">Con il nostro aiuto, potrete vedere il meglio del vostro soggiorno a Ibiza.<\/figcaption><\/figure>\n\n<h2 class=\"wp-block-heading\">Possiamo pianificare il miglior viaggio della nostra vita!<\/h2>\n\n<p>Grazie alla nostra esperienza e al nostro impegno, potrete risparmiare tempo e denaro, mentre i vostri problemi e le vostre difficolt\u00e0 vengono risolti.<\/p>\n\n<p>Aiutateci a pianificare l'ultima festa per gli ultimi giorni della libert\u00e0 dei giovani. Organizzatevi <a href=\"https:\/\/jgaibiza.com\/anfrage\/\">Sei qui con noi in collegamento<\/a> e iniziate a pianificare i vostri fine settimana senza precedenti a Ibiza.<\/p>\n\n<p>Se siete interessati ad altri tipi di viaggi per i bambini, consultate la seguente lista:<\/p>\n\n<ul class=\"wp-block-list\">\n<li><a href=\"https:\/\/amsterdam-stag-do.com\/\">Amsterdam Junggesellenabschied<\/a><\/li>\n\n\n\n<li><a href=\"https:\/\/berlin-stag-do.com\/\">Berlino Junggesellenabschied<\/a><\/li>\n\n\n\n<li><a href=\"https:\/\/hamburgstagdo.com\/\">Hamburger Junggesellenabschied<\/a><\/li>\n\n\n\n<li><a href=\"https:\/\/hvarstagdo.com\/\">Hvar Junggesellenabschied<\/a><\/li>\n\n\n\n<li><a href=\"https:\/\/lisbonstagdo.com\/\">Lissabon Junggesellenabschied<\/a><\/li>\n\n\n\n<li><a href=\"https:\/\/munichstagdo.com\/\">M\u00fcnchener Junggesellenabschied<\/a><\/li>\n\n\n\n<li><a href=\"https:\/\/prague-stag-do.com\/\">Prag Junggesellenabschied<\/a><\/li>\n\n\n\n<li><a href=\"https:\/\/riga-stag-do.com\/\">Rigaer Junggesellenabschied<\/a><\/li>\n\n\n\n<li><a href=\"https:\/\/stagpartyljubljana.com\/\">Junggesellenabschied Ljubljana<\/a><\/li>\n\n\n\n<li><a href=\"https:\/\/stagdovegas.com\/\">Junggesellenabschied Vegas<\/a><\/li>\n\n\n\n<li><a href=\"https:\/\/stagdobarcelona.com\/\">Junggesellenabschied Barcellona<\/a><\/li>\n<\/ul>","protected":false},"excerpt":{"rendered":"<p>Mein Team und ich von Ibiza Stag Do sind bestrebt, Ihr Junggesellenwochenende auf Ibiza zu einem unvergesslichen Erlebnis zu machen. Wir verstehen, dass die Planung einer Reise \u00fcberw\u00e4ltigend sein kann, besonders wenn es sich um einen Junggesellenabschied handelt, aber keine Sorge, wir haben alles f\u00fcr Sie. Unser Engagement f\u00fcr au\u00dfergew\u00f6hnlichen Service Wir sind bestrebt, einen &hellip; <a href=\"https:\/\/ibizastagdo.com\/it\/ueber-uns\/\">Continua<\/a><\/p>","protected":false},"author":1,"featured_media":1556,"parent":0,"menu_order":0,"comment_status":"open","ping_status":"open","template":"","meta":{"_acf_changed":false,"footnotes":""},"class_list":["post-2285","page","type-page","status-publish","has-post-thumbnail","hentry"],"acf":{"page_subheading":""},"_links":{"self":[{"href":"https:\/\/ibizastagdo.com\/it\/wp-json\/wp\/v2\/pages\/2285","targetHints":{"allow":["GET"]}}],"collection":[{"href":"https:\/\/ibizastagdo.com\/it\/wp-json\/wp\/v2\/pages"}],"about":[{"href":"https:\/\/ibizastagdo.com\/it\/wp-json\/wp\/v2\/types\/page"}],"author":[{"embeddable":true,"href":"https:\/\/ibizastagdo.com\/it\/wp-json\/wp\/v2\/users\/1"}],"replies":[{"embeddable":true,"href":"https:\/\/ibizastagdo.com\/it\/wp-json\/wp\/v2\/comments?post=2285"}],"version-history":[{"count":1,"href":"https:\/\/ibizastagdo.com\/it\/wp-json\/wp\/v2\/pages\/2285\/revisions"}],"predecessor-version":[{"id":2286,"href":"https:\/\/ibizastagdo.com\/it\/wp-json\/wp\/v2\/pages\/2285\/revisions\/2286"}],"wp:featuredmedia":[{"embeddable":true,"href":"https:\/\/ibizastagdo.com\/it\/wp-json\/wp\/v2\/media\/1556"}],"wp:attachment":[{"href":"https:\/\/ibizastagdo.com\/it\/wp-json\/wp\/v2\/media?parent=2285"}],"curies":[{"name":"wp","href":"https:\/\/api.w.org\/{rel}","templated":true}]}}