{"id":2296,"date":"2023-03-01T18:28:48","date_gmt":"2023-03-01T18:28:48","guid":{"rendered":"https:\/\/ibizastagdo.com\/come-arrivare-a-ibiza\/"},"modified":"2023-03-21T09:23:51","modified_gmt":"2023-03-21T09:23:51","slug":"come-arrivare-a-ibiza-3","status":"publish","type":"page","link":"https:\/\/ibizastagdo.com\/it\/come-arrivare-a-ibiza-3\/","title":{"rendered":"Come arrivare a Ibiza?"},"content":{"rendered":"<p>Ibiza \u00e8 una destinazione popolare per gli amanti dell'addio al celibato e per i turisti, e con le sue splendide spiagge, la vivace vita notturna e i bellissimi paesaggi, non c'\u00e8 da stupirsi del perch\u00e9. Sia che stiate pianificando una vacanza rilassante o un addio al celibato ricco di azione, raggiungere Ibiza \u00e8 facile e conveniente. In questa guida, illustreremo i diversi modi per raggiungere questa splendida isola delle Baleari.<\/p>\n\n<figure class=\"wp-block-image size-large\"><img loading=\"lazy\" decoding=\"async\" width=\"1024\" height=\"576\" src=\"https:\/\/ibizastagdo.com\/wp-content\/uploads\/ibiza-airport-1024x576.webp\" alt=\"Aeroporto di Ibiza\" class=\"wp-image-1096\" srcset=\"https:\/\/ibizastagdo.com\/wp-content\/uploads\/ibiza-airport-1024x576.webp 1024w, https:\/\/ibizastagdo.com\/wp-content\/uploads\/ibiza-airport-300x169.webp 300w, https:\/\/ibizastagdo.com\/wp-content\/uploads\/ibiza-airport-768x432.webp 768w, https:\/\/ibizastagdo.com\/wp-content\/uploads\/ibiza-airport-1536x864.webp 1536w, https:\/\/ibizastagdo.com\/wp-content\/uploads\/ibiza-airport-2048x1152.webp 2048w, https:\/\/ibizastagdo.com\/wp-content\/uploads\/ibiza-airport-18x10.webp 18w, https:\/\/ibizastagdo.com\/wp-content\/uploads\/ibiza-airport-scaled.webp 1920w\" sizes=\"auto, (max-width: 1024px) 100vw, 1024px\" \/><figcaption class=\"wp-element-caption\">Arrivo all'aeroporto di Ibiza<\/figcaption><\/figure>\n\n<h2 class=\"wp-block-heading\">Volare a Ibiza<\/h2>\n\n<p>Il modo pi\u00f9 comodo e veloce per raggiungere Ibiza \u00e8 l'aereo. L'aeroporto di Ibiza (IBZ) \u00e8 ben collegato a diverse grandi citt\u00e0 europee, tra cui Londra. Ci sono diverse compagnie aeree che operano voli per Ibiza da Londra, tra cui compagnie aeree economiche come Ryanair e easyJet, oltre a compagnie aeree a servizio completo come British Airways.<\/p>\n\n<p>Quando arriviamo, possiamo sempre <a href=\"https:\/\/ibizastagdo.com\/it\/trasferimenti\/trasferimento-dallaeroporto-e-dalla-citta\/\">venirvi a prendere all'aeroporto<\/a> e portarvi al vostro alloggio.<\/p>\n\n<h2 class=\"wp-block-heading\">Traghetto per Ibiza<\/h2>\n\n<p>Un'altra opzione per raggiungere Ibiza \u00e8 il traghetto. Ci sono servizi di traghetto che operano dalla terraferma spagnola e dalla vicina isola di Maiorca. \u00c8 un'ottima opzione se viaggiate con un gruppo numeroso o con molti bagagli. Il viaggio in traghetto dura circa 2-3 ore e, una volta arrivati a Ibiza, si pu\u00f2 prendere un taxi o un autobus per raggiungere la destinazione finale.<\/p>\n\n<h2 class=\"wp-block-heading\">Come muoversi a Ibiza<\/h2>\n\n<p>Una volta arrivati a Ibiza, ci sono diverse opzioni per spostarsi sull'isola. \u00c8 possibile noleggiare un'auto, prendere un taxi o utilizzare i mezzi pubblici. Ma per rendere il tutto pi\u00f9 semplice e non stressarsi per tutta la logistica, date un'occhiata ai nostri <a href=\"https:\/\/ibizastagdo.com\/it\/trasferimenti\/\">trasferimenti<\/a>.<\/p>\n\n<figure class=\"wp-block-image size-large\"><img loading=\"lazy\" decoding=\"async\" width=\"1024\" height=\"683\" src=\"https:\/\/ibizastagdo.com\/wp-content\/uploads\/ibiza-1-9-1024x683.webp\" alt=\"Ibiza\" class=\"wp-image-1045\" srcset=\"https:\/\/ibizastagdo.com\/wp-content\/uploads\/ibiza-1-9-1024x683.webp 1024w, https:\/\/ibizastagdo.com\/wp-content\/uploads\/ibiza-1-9-300x200.webp 300w, https:\/\/ibizastagdo.com\/wp-content\/uploads\/ibiza-1-9-768x512.webp 768w, https:\/\/ibizastagdo.com\/wp-content\/uploads\/ibiza-1-9-1536x1024.webp 1536w, https:\/\/ibizastagdo.com\/wp-content\/uploads\/ibiza-1-9-2048x1365.webp 2048w, https:\/\/ibizastagdo.com\/wp-content\/uploads\/ibiza-1-9-18x12.webp 18w, https:\/\/ibizastagdo.com\/wp-content\/uploads\/ibiza-1-9-scaled.webp 1920w\" sizes=\"auto, (max-width: 1024px) 100vw, 1024px\" \/><figcaption class=\"wp-element-caption\">Facile da raggiungere; facile da innamorare<\/figcaption><\/figure>\n\n<p>In conclusione, raggiungere Ibiza \u00e8 facile e conveniente, con diverse opzioni disponibili per soddisfare le vostre esigenze e il vostro budget. In aereo o in traghetto, potrete raggiungere questa splendida isola e iniziare il vostro epico weekend di addio al celibato.<\/p>","protected":false},"excerpt":{"rendered":"<p>Ibiza \u00e8 una destinazione popolare per gli amanti dell&#8217;addio al celibato e per i turisti, e con le sue splendide spiagge, la vivace vita notturna e i bellissimi paesaggi, non c&#8217;\u00e8 da stupirsi del perch\u00e9. Sia che stiate pianificando una vacanza rilassante o un addio al celibato ricco di azione, raggiungere Ibiza \u00e8 facile e &hellip; <a href=\"https:\/\/ibizastagdo.com\/it\/come-arrivare-a-ibiza-3\/\">Continua<\/a><\/p>","protected":false},"author":37,"featured_media":1563,"parent":0,"menu_order":0,"comment_status":"closed","ping_status":"closed","template":"","meta":{"_acf_changed":false,"footnotes":""},"class_list":["post-2296","page","type-page","status-publish","has-post-thumbnail","hentry"],"acf":{"page_subheading":""},"_links":{"self":[{"href":"https:\/\/ibizastagdo.com\/it\/wp-json\/wp\/v2\/pages\/2296","targetHints":{"allow":["GET"]}}],"collection":[{"href":"https:\/\/ibizastagdo.com\/it\/wp-json\/wp\/v2\/pages"}],"about":[{"href":"https:\/\/ibizastagdo.com\/it\/wp-json\/wp\/v2\/types\/page"}],"author":[{"embeddable":true,"href":"https:\/\/ibizastagdo.com\/it\/wp-json\/wp\/v2\/users\/37"}],"replies":[{"embeddable":true,"href":"https:\/\/ibizastagdo.com\/it\/wp-json\/wp\/v2\/comments?post=2296"}],"version-history":[{"count":1,"href":"https:\/\/ibizastagdo.com\/it\/wp-json\/wp\/v2\/pages\/2296\/revisions"}],"predecessor-version":[{"id":2301,"href":"https:\/\/ibizastagdo.com\/it\/wp-json\/wp\/v2\/pages\/2296\/revisions\/2301"}],"wp:featuredmedia":[{"embeddable":true,"href":"https:\/\/ibizastagdo.com\/it\/wp-json\/wp\/v2\/media\/1563"}],"wp:attachment":[{"href":"https:\/\/ibizastagdo.com\/it\/wp-json\/wp\/v2\/media?parent=2296"}],"curies":[{"name":"wp","href":"https:\/\/api.w.org\/{rel}","templated":true}]}}