{"id":2297,"date":"2023-03-01T18:28:48","date_gmt":"2023-03-01T18:28:48","guid":{"rendered":"https:\/\/ibizastagdo.com\/wie-kommt-man-nach-ibiza\/"},"modified":"2023-03-21T09:23:51","modified_gmt":"2023-03-21T09:23:51","slug":"come-si-arriva-a-ibiza","status":"publish","type":"page","link":"https:\/\/ibizastagdo.com\/it\/come-si-arriva-a-ibiza\/","title":{"rendered":"Come si arriva a Ibiza?"},"content":{"rendered":"<p>Ibiza \u00e8 un luogo di villeggiatura molto apprezzato dai turisti e dagli amanti della giovent\u00f9, e con le sue splendide spiagge, le sue notti indimenticabili e la sua splendida natura \u00e8 un vero e proprio miracolo. Se avete intenzione di trascorrere un soggiorno piacevole o di fare una gita d'azione, la vostra vacanza a Ibiza \u00e8 semplice e piacevole. In questo Leitfaden vi illustriamo le diverse possibilit\u00e0 di visitare questa splendida isola delle Baleari.<\/p>\n\n<figure class=\"wp-block-image size-large\"><img loading=\"lazy\" decoding=\"async\" width=\"1024\" height=\"576\" src=\"https:\/\/ibizastagdo.com\/wp-content\/uploads\/ibiza-airport-1024x576.webp\" alt=\"Ibiza Flughafen\" class=\"wp-image-1096\" srcset=\"https:\/\/ibizastagdo.com\/wp-content\/uploads\/ibiza-airport-1024x576.webp 1024w, https:\/\/ibizastagdo.com\/wp-content\/uploads\/ibiza-airport-300x169.webp 300w, https:\/\/ibizastagdo.com\/wp-content\/uploads\/ibiza-airport-768x432.webp 768w, https:\/\/ibizastagdo.com\/wp-content\/uploads\/ibiza-airport-1536x864.webp 1536w, https:\/\/ibizastagdo.com\/wp-content\/uploads\/ibiza-airport-2048x1152.webp 2048w, https:\/\/ibizastagdo.com\/wp-content\/uploads\/ibiza-airport-18x10.webp 18w, https:\/\/ibizastagdo.com\/wp-content\/uploads\/ibiza-airport-scaled.webp 1920w\" sizes=\"auto, (max-width: 1024px) 100vw, 1024px\" \/><figcaption class=\"wp-element-caption\">Arrivo al porto di Ibiza<\/figcaption><\/figure>\n\n<h2 class=\"wp-block-heading\">Vola verso Ibiza<\/h2>\n\n<p>L'arte pi\u00f9 semplice e rapida per raggiungere Ibiza \u00e8 il volo. Il Flughafen Ibiza (IBZ) \u00e8 ben collegato a diverse citt\u00e0 europee, tra cui Londra. Esistono diverse compagnie aeree che operano a Ibiza da Londra, come Ryanair e easyJet, ma anche compagnie aeree a servizio completo come British Airways.<\/p>\n\n<p>Se ci contattate, possiamo <a href=\"https:\/\/ibizastagdo.com\/it\/trasferimenti\/trasferimento-dallaeroporto-e-dalla-citta\/\">Sie<\/a> jederzeit vom <a href=\"https:\/\/ibizastagdo.com\/it\/trasferimenti\/trasferimento-dallaeroporto-e-dalla-citta\/\">Flughafen ab<\/a> holen e zu Ihrer Unterkunft bringen.<\/p>\n\n<h2 class=\"wp-block-heading\">Con la fuga verso Ibiza<\/h2>\n\n<p>Un'altra possibilit\u00e0 per raggiungere Ibiza \u00e8 la F\u00e4hre. Esistono F\u00e4hren, che non solo dal Festland spagnolo, ma anche dall'isola di Maiorca, situata nelle vicinanze, possono essere raggiunti. Si tratta di un'ottima opzione per chi viaggia con un gruppo numeroso o con molti bagagli. L'escursione in barca con la natura \u00e8 di circa 2 o 3 ore e, se siete a Ibiza, potete prendere un taxi o un autobus per raggiungere il vostro punto di partenza.<\/p>\n\n<h2 class=\"wp-block-heading\">La marcia di avvicinamento a Ibiza<\/h2>\n\n<p>Se siete arrivati a Ibiza, avete diverse possibilit\u00e0 di spostarvi sull'isola. Potete scegliere tra un'auto, un taxi o i mezzi di trasporto pubblici. Ma per rendere il viaggio pi\u00f9 semplice e non avere alcuno stress con tutta la logistica, vi invitiamo a scegliere la nostra agenzia. <a href=\"https:\/\/ibizastagdo.com\/it\/trasferimenti\/\">Trasferimenti<\/a> an.<\/p>\n\n<figure class=\"wp-block-image size-large\"><img loading=\"lazy\" decoding=\"async\" width=\"1024\" height=\"683\" src=\"https:\/\/ibizastagdo.com\/wp-content\/uploads\/ibiza-1-9-1024x683.webp\" alt=\"Ibiza\" class=\"wp-image-1045\" srcset=\"https:\/\/ibizastagdo.com\/wp-content\/uploads\/ibiza-1-9-1024x683.webp 1024w, https:\/\/ibizastagdo.com\/wp-content\/uploads\/ibiza-1-9-300x200.webp 300w, https:\/\/ibizastagdo.com\/wp-content\/uploads\/ibiza-1-9-768x512.webp 768w, https:\/\/ibizastagdo.com\/wp-content\/uploads\/ibiza-1-9-1536x1024.webp 1536w, https:\/\/ibizastagdo.com\/wp-content\/uploads\/ibiza-1-9-2048x1365.webp 2048w, https:\/\/ibizastagdo.com\/wp-content\/uploads\/ibiza-1-9-18x12.webp 18w, https:\/\/ibizastagdo.com\/wp-content\/uploads\/ibiza-1-9-scaled.webp 1920w\" sizes=\"auto, (max-width: 1024px) 100vw, 1024px\" \/><figcaption class=\"wp-element-caption\">Einfach zu erreichen; Einfach zum Verlieben<\/figcaption><\/figure>\n\n<p>Zusammenfassend l\u00e4sst sagen, dass die Anreise nach Ibiza einfach und bequem ist und dass es verschiedene M\u00f6glichkeiten gibt, die Ihren Bed\u00fcrfnissen und Ihrem Budget entsprechen. Indipendentemente dal fatto che si tratti di un volo o di un viaggio in barca, \u00e8 possibile visitare questa splendida isola e iniziare la propria giornata di festa.<\/p>","protected":false},"excerpt":{"rendered":"<p>Ibiza ist ein beliebtes Reiseziel f\u00fcr Junggesellen und andere Touristen, und mit seinen atemberaubenden Str\u00e4nden, dem pulsierenden Nachtleben und der wundersch\u00f6nen Landschaft ist es kein Wunder, warum. Ganz gleich, ob Sie einen entspannten Urlaub oder einen actiongeladenen Junggesellenabschied planen, die Anreise nach Ibiza ist einfach und bequem. In diesem Leitfaden stellen wir Ihnen die verschiedenen &hellip; <a href=\"https:\/\/ibizastagdo.com\/it\/come-si-arriva-a-ibiza\/\">Continua<\/a><\/p>","protected":false},"author":37,"featured_media":1562,"parent":0,"menu_order":0,"comment_status":"closed","ping_status":"closed","template":"","meta":{"_acf_changed":false,"footnotes":""},"class_list":["post-2297","page","type-page","status-publish","has-post-thumbnail","hentry"],"acf":{"page_subheading":""},"_links":{"self":[{"href":"https:\/\/ibizastagdo.com\/it\/wp-json\/wp\/v2\/pages\/2297","targetHints":{"allow":["GET"]}}],"collection":[{"href":"https:\/\/ibizastagdo.com\/it\/wp-json\/wp\/v2\/pages"}],"about":[{"href":"https:\/\/ibizastagdo.com\/it\/wp-json\/wp\/v2\/types\/page"}],"author":[{"embeddable":true,"href":"https:\/\/ibizastagdo.com\/it\/wp-json\/wp\/v2\/users\/37"}],"replies":[{"embeddable":true,"href":"https:\/\/ibizastagdo.com\/it\/wp-json\/wp\/v2\/comments?post=2297"}],"version-history":[{"count":1,"href":"https:\/\/ibizastagdo.com\/it\/wp-json\/wp\/v2\/pages\/2297\/revisions"}],"predecessor-version":[{"id":2300,"href":"https:\/\/ibizastagdo.com\/it\/wp-json\/wp\/v2\/pages\/2297\/revisions\/2300"}],"wp:featuredmedia":[{"embeddable":true,"href":"https:\/\/ibizastagdo.com\/it\/wp-json\/wp\/v2\/media\/1562"}],"wp:attachment":[{"href":"https:\/\/ibizastagdo.com\/it\/wp-json\/wp\/v2\/media?parent=2297"}],"curies":[{"name":"wp","href":"https:\/\/api.w.org\/{rel}","templated":true}]}}