{"id":2303,"date":"2023-03-01T18:31:34","date_gmt":"2023-03-01T18:31:34","guid":{"rendered":"https:\/\/ibizastagdo.com\/ueber-ibiza-junggesellenabschied-fuehrer\/"},"modified":"2023-03-21T09:23:54","modified_gmt":"2023-03-21T09:23:54","slug":"ueber-ibiza-junggesellenabschied-fuehrer","status":"publish","type":"page","link":"https:\/\/ibizastagdo.com\/it\/ueber-ibiza-junggesellenabschied-fuehrer\/","title":{"rendered":"\u00dcber Ibiza: Il Fuhrer di Junggesellenabschied"},"content":{"rendered":"<p>Willkommen zum ultimativen Leitfaden f\u00fcr die Planung eines Junggesellenabschieds auf Ibiza! Questa splendida isola \u00e8 nota per le sue meravigliose spiagge, la sua atmosfera mite e le sue inverosimili notti. Se siete in viaggio verso un'avventura epica per la vostra giornata di festa, Ibiza \u00e8 la meta ideale per voi.<\/p>\n\n<figure class=\"wp-block-image size-large\"><img loading=\"lazy\" decoding=\"async\" width=\"1024\" height=\"684\" src=\"https:\/\/ibizastagdo.com\/wp-content\/uploads\/pool-party-1024x684.webp\" alt=\"Festa in piscina\" class=\"wp-image-876\" srcset=\"https:\/\/ibizastagdo.com\/wp-content\/uploads\/pool-party-1024x684.webp 1024w, https:\/\/ibizastagdo.com\/wp-content\/uploads\/pool-party-300x200.webp 300w, https:\/\/ibizastagdo.com\/wp-content\/uploads\/pool-party-768x513.webp 768w, https:\/\/ibizastagdo.com\/wp-content\/uploads\/pool-party-1536x1026.webp 1536w, https:\/\/ibizastagdo.com\/wp-content\/uploads\/pool-party-18x12.webp 18w, https:\/\/ibizastagdo.com\/wp-content\/uploads\/pool-party.webp 1920w\" sizes=\"auto, (max-width: 1024px) 100vw, 1024px\" \/><figcaption class=\"wp-element-caption\">L'offerta di feste in piscina a Ibiza \u00e8 straordinaria.<\/figcaption><\/figure>\n\n<h2 class=\"wp-block-heading\">Sull'isola<\/h2>\n\n<p>Ibiza \u00e8 un'isola piccola, ma straordinariamente bella, situata nel Mittelmeer. \u00c8 la pi\u00f9 grande <strong>pi\u00f9 grande delle Baleari<\/strong> e si trova su alcuni dei pi\u00f9 bei sentieri del mondo, su un'acqua cristallina e su una vegetazione rigogliosa, che si apre al visitatore.<\/p>\n\n<p>Ma l'isola non ha nulla di pi\u00f9 da offrire, se non le sue <strong>atemberaubende K\u00fcste<\/strong>. Ibiza ha una storia ricca, che si esprime nella sua architettura, cultura e vita. L'isola \u00e8 stata abitata fin dalla preistoria ed \u00e8 stata colonizzata da Farnesiani, Romeni, Mauren e Cristiani, che hanno contribuito a rendere pi\u00f9 vivaci i loro spazi sull'isola.<\/p>\n\n<p>Ibiza \u00e8 anche per le sue <strong>una scena musicale e artistica di alto livello<\/strong> con un'ampia offerta di gallerie, concerti e festival che si tengono ogni anno in tutto il mondo. Die Insel ha un'immagine originale e <strong>Mischung eklektische von Menschen<\/strong>con ospiti, ospiti e ospiti da tutto il mondo, che si uniscono per godere di tutto ci\u00f2 che Ibiza pu\u00f2 offrire.<\/p>\n\n<h2 class=\"wp-block-heading\">Nachtleben auf Ibiza<\/h2>\n\n<p>Ma noi siamo ehrlich, noi sappiamo tutti perch\u00e9 siete qui: per vivere il leggendario (aus gutem Grund) Nachtleben di Ibiza.<\/p>\n\n<p>Sull'isola c'\u00e8 <strong>alcuni tra i pi\u00f9 importanti club e DJ del mondo<\/strong>e i Superclub attirano persone da tutto il mondo. Se siete in viaggio verso una notte diversa dal solito, vi invitiamo a visitare uno dei pi\u00f9 grandi club dell'isola.<\/p>\n\n<p>Das <strong>Pacha<\/strong> \u00e8 un club culturale, che esiste gi\u00e0 dagli anni '70 e che ha come obiettivo quello di organizzare i migliori party di Ibiza. Un altro club, che l'uomo deve assolutamente frequentare, \u00e8 il club <strong>Amnesia<\/strong>, dove in mehreren R\u00e4umen eine Vielzahl von Musikrichtungen f\u00fcr jeden Geschmack gespielt wird. E il <strong>Ushuaia<\/strong> \u00e8 noto per i suoi freiluftb\u00fchnen e i suoi poolparty, durante i quali l'uomo pu\u00f2 godersi il sole, mentre si dedica ai suoi amici pi\u00f9 cari.<\/p>\n\n<figure class=\"wp-block-image size-large\"><img loading=\"lazy\" decoding=\"async\" width=\"1024\" height=\"683\" src=\"https:\/\/ibizastagdo.com\/wp-content\/uploads\/hi-ibiza-1-9-1024x683.webp\" alt=\"Ciao ibiza\" class=\"wp-image-968\" srcset=\"https:\/\/ibizastagdo.com\/wp-content\/uploads\/hi-ibiza-1-9-1024x683.webp 1024w, https:\/\/ibizastagdo.com\/wp-content\/uploads\/hi-ibiza-1-9-300x200.webp 300w, https:\/\/ibizastagdo.com\/wp-content\/uploads\/hi-ibiza-1-9-768x512.webp 768w, https:\/\/ibizastagdo.com\/wp-content\/uploads\/hi-ibiza-1-9-18x12.webp 18w, https:\/\/ibizastagdo.com\/wp-content\/uploads\/hi-ibiza-1-9.webp 1440w\" sizes=\"auto, (max-width: 1024px) 100vw, 1024px\" \/><figcaption class=\"wp-element-caption\">L'H\u00ef Ibiza \u00e8 stato premiato da DJ Mag come miglior club del mondo nell'anno 2022.<\/figcaption><\/figure>\n\n<p>Ma non ci sono solo le discoteche pi\u00f9 famose, che rendono il divertimento notturno a Ibiza cos\u00ec speciale. L'isola si basa anche su un'unica <strong>bl\u00fchende Underground-Szene<\/strong> con piccoli centri di intrattenimento e feste su tutta l'isola. Per un'intima festa si consiglia di scegliere tra i locali come Heart Ibiza o DC-10, che sono noti per la loro atmosfera unica e per il loro programma musicale.<\/p>\n\n<p>Uno degli aspetti pi\u00f9 interessanti delle feste notturne a Ibiza \u00e8 la <strong>Vielfalt des Publikums<\/strong>. Qui si incontrano persone di tutte le religioni, di tutti i gruppi etnici e di tutti i generi, fino ai giovani morganatici, da una parte all'altra. \u00c8 questa l'atmosfera accogliente e speciale che Ibiza ha saputo creare in un luogo cos\u00ec bello per le feste.<\/p>\n\n<p>Ma siamo proprio cos\u00ec: La Clubszene auf Ibiza kann \u00fcberw\u00e4ltigend sein, vor allem, wenn Sie das erste Mal auf der Insel sind. Qui trovate i nostri <a href=\"https:\/\/ibizastagdo.com\/it\/partito\/\">Borsa di Ibiza per le sedie da campeggio<\/a> ins Spiel.<\/p>\n\n<p>Unsere Pakete <strong>offriamo a voi e ai vostri amici un'assistenza VIP all'avanguardia<\/strong>con accesso ai migliori club, alle serate private e agli eventi pi\u00f9 esclusivi. Lavoriamo in collaborazione con i migliori club e fornitori di servizi dell'isola, per garantire ai nostri ospiti un fine settimana ineccepibile.<\/p>\n\n<figure class=\"wp-block-image size-large\"><img loading=\"lazy\" decoding=\"async\" width=\"1024\" height=\"768\" src=\"https:\/\/ibizastagdo.com\/wp-content\/uploads\/jetski--1024x768.webp\" alt=\"Jetski\" class=\"wp-image-787\" srcset=\"https:\/\/ibizastagdo.com\/wp-content\/uploads\/jetski--1024x768.webp 1024w, https:\/\/ibizastagdo.com\/wp-content\/uploads\/jetski--300x225.webp 300w, https:\/\/ibizastagdo.com\/wp-content\/uploads\/jetski--768x576.webp 768w, https:\/\/ibizastagdo.com\/wp-content\/uploads\/jetski--1536x1152.webp 1536w, https:\/\/ibizastagdo.com\/wp-content\/uploads\/jetski--16x12.webp 16w, https:\/\/ibizastagdo.com\/wp-content\/uploads\/jetski-.webp 1920w\" sizes=\"auto, (max-width: 1024px) 100vw, 1024px\" \/><figcaption class=\"wp-element-caption\">Un tour in moto d'acqua \u00e8 sempre un'ottima esperienza<\/figcaption><\/figure>\n\n<h2 class=\"wp-block-heading\">Attivit\u00e0 non conformi<\/h2>\n\n<p>Naturalmente Ibiza ha pi\u00f9 cose da offrire rispetto alle sole feste. Se desiderate un po' di libert\u00e0, avete la possibilit\u00e0 di scegliere tra diverse attivit\u00e0 diverse.<\/p>\n\n<p>Una delle attivit\u00e0 pi\u00f9 importanti sull'isola sono le diverse tipologie di attivit\u00e0 di <strong>Wassersport<\/strong>. Grazie all'acqua cristallina e all'umidit\u00e0 solare, Ibiza \u00e8 il luogo ideale per affrontare tutte le sfide. <a href=\"https:\/\/ibizastagdo.com\/it\/attivita\/tour-di-snorkeling-in-kayak\/\">Kajakfahren<\/a> e Paddleboarding fino a <a href=\"https:\/\/ibizastagdo.com\/it\/attivita\/tour-in-moto-dacqua\/\">Jetski<\/a> e parasailing. Se desiderate un'atmosfera pi\u00f9 tranquilla, potete fare un giro in barca sull'isola e visitare il paesaggio.<\/p>\n\n<p>Anche per i Geschichts- e Kulturinteressierte Ibiza ha einiges zu bieten. I <strong>befestigte<\/strong> <strong>Citt\u00e0 di Ibiza<\/strong>L'isola, conosciuta anche come Dalt Vila, fa parte dell'UNESCO-Weltkulturerbe e offre una serie di monumenti storici, musei e gallerie. L'isola ospita anche diverse rovine antiche, tra cui la citt\u00e0 fenice di Sa Caleta e la citt\u00e0 russa di Ses Paisses.<\/p>\n\n<p>E naturalmente non c'\u00e8 viaggio a Ibiza che non abbia anche un Tag am Strand. Chi \u00e8 <strong>pi\u00f9 di 50 strade<\/strong> \u00e8 per tutti i geschmack una coperta di sabbia. Indipendentemente dal fatto che siate sulla strada che porta a una festa di lusso o a una spiaggia diversa, Ibiza ha tutto ci\u00f2 che fa per voi.<\/p>\n\n<h2 class=\"wp-block-heading\">Pianificate il vostro inverosimile Junggesellenabschied auf Ibiza noch heute!<\/h2>\n\n<p>Indipendentemente dal fatto che siate in viaggio verso feste tranquille, attivit\u00e0 adrenaliniche o un'altra avventura, Ibiza ha sempre qualcosa da offrire.<\/p>\n\n<figure class=\"wp-block-image size-large\"><img loading=\"lazy\" decoding=\"async\" width=\"1024\" height=\"683\" src=\"https:\/\/ibizastagdo.com\/wp-content\/uploads\/ushuaia-ibiza-1-2-1024x683.webp\" alt=\"Ushuaia ibiza\" class=\"wp-image-992\" srcset=\"https:\/\/ibizastagdo.com\/wp-content\/uploads\/ushuaia-ibiza-1-2-1024x683.webp 1024w, https:\/\/ibizastagdo.com\/wp-content\/uploads\/ushuaia-ibiza-1-2-300x200.webp 300w, https:\/\/ibizastagdo.com\/wp-content\/uploads\/ushuaia-ibiza-1-2-768x512.webp 768w, https:\/\/ibizastagdo.com\/wp-content\/uploads\/ushuaia-ibiza-1-2-18x12.webp 18w, https:\/\/ibizastagdo.com\/wp-content\/uploads\/ushuaia-ibiza-1-2.webp 1440w\" sizes=\"auto, (max-width: 1024px) 100vw, 1024px\" \/><figcaption class=\"wp-element-caption\">Troviamo per voi il miglior posto per la vostra settimana della giovent\u00f9<\/figcaption><\/figure>\n\n<p>Aber <strong>tutto ci\u00f2 che si deve pianificare, non \u00e8 affatto semplice.<\/strong>. Siamo qui per voi da: Con la nostra conoscenza dell'isola e della sua natura partitica possiamo aiutarvi a organizzare una gita inverosimile, che si basa sui desideri del vostro gruppo.<\/p>\n\n<p>Perch\u00e9 non si pu\u00f2 ignorare i dettagli e non si pu\u00f2 pensare di trascorrere un periodo fantastico con i propri amici?<\/p>\n\n<p>Noi ci impegniamo per tutto, <strong>dall'alloggio al trasporto fino alle attivit\u00e0 del club<\/strong>. Tutto ci\u00f2 che dovete fare \u00e8 trovare la giusta collocazione e il resto \u00e8 tutto da scoprire. Con il nostro aiuto potrete ottenere il meglio di ci\u00f2 che Ibiza offre, senza stress e stress.<\/p>\n\n<p>Lasciate che vi aiutiamo a pianificare un viaggio inverosimile a Ibiza, in cui voi e i vostri amici potrete divertirvi a lungo! <a href=\"https:\/\/jgaibiza.com\/anfrage\/\">\n  <strong>Chiedete a voi stessi di non perdere tempo.<\/strong>\n<\/a> e vi permetter\u00e0 di scoprire il meglio che questa isola incontaminata ha da offrire.<\/p>\n\n<div class=\"wp-block-buttons is-content-justification-right is-layout-flex wp-container-core-buttons-is-layout-765c4724 wp-block-buttons-is-layout-flex\">\n<div class=\"wp-block-button has-custom-width wp-block-button__width-75 has-custom-font-size has-medium-font-size\" style=\"font-style:normal;font-weight:700;text-transform:uppercase\"><a class=\"wp-block-button__link has-primary-background-color has-background wp-element-button\" href=\"https:\/\/jgaibiza.com\/anfrage\/\" style=\"border-radius:6px\"><strong>JETZT ANFRAGEN<\/strong><\/a><\/div>\n<\/div>","protected":false},"excerpt":{"rendered":"<p>Willkommen zum ultimativen Leitfaden f\u00fcr die Planung eines Junggesellenabschieds auf Ibiza! Diese wundersch\u00f6ne Insel ist bekannt f\u00fcr ihre herrlichen Str\u00e4nde, ihre lebhafte Atmosph\u00e4re und ihr unvergessliches Nachtleben. Wenn Sie auf der Suche nach einem epischen Abenteuer f\u00fcr Ihr Junggesellenwochenende sind, dann ist Ibiza der richtige Ort daf\u00fcr. \u00dcber die Insel Ibiza ist eine kleine, aber &hellip; <a href=\"https:\/\/ibizastagdo.com\/it\/ueber-ibiza-junggesellenabschied-fuehrer\/\">Continua<\/a><\/p>","protected":false},"author":37,"featured_media":1570,"parent":0,"menu_order":0,"comment_status":"closed","ping_status":"closed","template":"","meta":{"_acf_changed":false,"footnotes":""},"class_list":["post-2303","page","type-page","status-publish","has-post-thumbnail","hentry"],"acf":{"page_subheading":""},"_links":{"self":[{"href":"https:\/\/ibizastagdo.com\/it\/wp-json\/wp\/v2\/pages\/2303","targetHints":{"allow":["GET"]}}],"collection":[{"href":"https:\/\/ibizastagdo.com\/it\/wp-json\/wp\/v2\/pages"}],"about":[{"href":"https:\/\/ibizastagdo.com\/it\/wp-json\/wp\/v2\/types\/page"}],"author":[{"embeddable":true,"href":"https:\/\/ibizastagdo.com\/it\/wp-json\/wp\/v2\/users\/37"}],"replies":[{"embeddable":true,"href":"https:\/\/ibizastagdo.com\/it\/wp-json\/wp\/v2\/comments?post=2303"}],"version-history":[{"count":1,"href":"https:\/\/ibizastagdo.com\/it\/wp-json\/wp\/v2\/pages\/2303\/revisions"}],"predecessor-version":[{"id":2304,"href":"https:\/\/ibizastagdo.com\/it\/wp-json\/wp\/v2\/pages\/2303\/revisions\/2304"}],"wp:featuredmedia":[{"embeddable":true,"href":"https:\/\/ibizastagdo.com\/it\/wp-json\/wp\/v2\/media\/1570"}],"wp:attachment":[{"href":"https:\/\/ibizastagdo.com\/it\/wp-json\/wp\/v2\/media?parent=2303"}],"curies":[{"name":"wp","href":"https:\/\/api.w.org\/{rel}","templated":true}]}}