{"id":2306,"date":"2023-01-16T13:14:25","date_gmt":"2023-01-16T13:14:25","guid":{"rendered":"https:\/\/ibizastagdo.com\/chi-siamo\/"},"modified":"2023-03-21T09:23:59","modified_gmt":"2023-03-21T09:23:59","slug":"chi-siamo","status":"publish","type":"page","link":"https:\/\/ibizastagdo.com\/it\/chi-siamo\/","title":{"rendered":"Chi siamo"},"content":{"rendered":"<p>Io e il mio team di Ibiza Stag Do ci dedichiamo a rendere il vostro weekend di addio al celibato a Ibiza un'esperienza indimenticabile. Sappiamo che pianificare un viaggio pu\u00f2 essere un'impresa ardua, soprattutto se si tratta di un addio al celibato, ma non preoccupatevi, pensiamo noi.<\/p>\n\n<h2 class=\"wp-block-heading\">Il nostro impegno per un servizio eccezionale<\/h2>\n\n<p>Ci impegniamo a fornire un servizio eccezionale e a garantire che tutto fili liscio. Lavoreremo con voi in ogni momento per creare un itinerario su misura che si adatti agli interessi e alle preferenze uniche del vostro gruppo.<\/p>\n\n<p>Grazie alle nostre conoscenze e competenze locali, vi aiuteremo a evitare gli errori pi\u00f9 comuni e a sfruttare al meglio il vostro soggiorno a Ibiza. Che si tratti di trovare la migliore sistemazione vicino all'azione o di garantire che le vostre attivit\u00e0 siano divertenti e sicure, ci occuperemo di tutti i dettagli.<\/p>\n\n<p>Il nostro obiettivo \u00e8 quello di garantire a voi e ai vostri amici un weekend epico e pieno di bei ricordi.<\/p>\n\n<figure class=\"wp-block-image size-large\"><img loading=\"lazy\" decoding=\"async\" width=\"1024\" height=\"683\" src=\"https:\/\/ibizastagdo.com\/wp-content\/uploads\/ibiza-1-2-1024x683.webp\" alt=\"Ibiza\" class=\"wp-image-1038\" srcset=\"https:\/\/ibizastagdo.com\/wp-content\/uploads\/ibiza-1-2-1024x683.webp 1024w, https:\/\/ibizastagdo.com\/wp-content\/uploads\/ibiza-1-2-300x200.webp 300w, https:\/\/ibizastagdo.com\/wp-content\/uploads\/ibiza-1-2-768x512.webp 768w, https:\/\/ibizastagdo.com\/wp-content\/uploads\/ibiza-1-2-1536x1024.webp 1536w, https:\/\/ibizastagdo.com\/wp-content\/uploads\/ibiza-1-2-2048x1365.webp 2048w, https:\/\/ibizastagdo.com\/wp-content\/uploads\/ibiza-1-2-18x12.webp 18w, https:\/\/ibizastagdo.com\/wp-content\/uploads\/ibiza-1-2-scaled.webp 1920w\" sizes=\"auto, (max-width: 1024px) 100vw, 1024px\" \/><figcaption class=\"wp-element-caption\">Ibiza \u00e8 un luogo paradisiaco<\/figcaption><\/figure>\n\n<h2 class=\"wp-block-heading\">La nostra esperienza nella pianificazione dell'addio al celibato<\/h2>\n\n<p>A Ibiza Stag Do siamo specializzati da anni nell'organizzazione di addii al celibato indimenticabili. Sappiamo cosa serve per rendere un addio al celibato indimenticabile e ci impegniamo a portare lo stesso livello di eccitazione e avventura a Ibiza.<\/p>\n\n<p>Le nostre opzioni di prenotazione flessibili rendono facile organizzare un fantastico viaggio di addio al celibato in modo rapido ed efficiente, cos\u00ec potrete sedervi, rilassarvi e risparmiare le energie per il viaggio della vostra vita. Siamo anche una societ\u00e0 finanziariamente protetta, il che significa che potete viaggiare con fiducia, senza preoccuparvi che il vostro deposito vada perso.<\/p>\n\n<p>Ci\u00f2 di cui siamo pi\u00f9 orgogliosi \u00e8 fornire un ottimo servizio ai prezzi migliori, mantenendo solidi rapporti di lavoro con le nostre aziende partner. I nostri partner offrono una gamma unica di attivit\u00e0, dall'esplorazione della costa panoramica dell'isola all'esperienza della sua vivace vita notturna.<\/p>\n\n<h2 class=\"wp-block-heading\">Il nostro approccio personalizzato<\/h2>\n\n<p>Siamo consapevoli che ogni gruppo di amici \u00e8 unico, quindi adottiamo un approccio personalizzato per pianificare il vostro weekend di addio al celibato a Ibiza. Ascoltiamo le vostre esigenze e preferenze e adattiamo i nostri servizi per creare un'esperienza personalizzata su misura per voi e il vostro gruppo.  <\/p>\n\n<p>Il nostro team dedicato si occuper\u00e0 di tutta la logistica e far\u00e0 in modo che tutto fili liscio, senza alcun costo aggiuntivo per voi.<\/p>\n\n<p>Inoltre, grazie al nostro servizio di assistenza 24 ore su 24, 7 giorni su 7, qualsiasi domanda o problema che sorga durante il vostro soggiorno a Ibiza sar\u00e0 prontamente affrontato. Vi forniremo tutte le informazioni necessarie per sfruttare al meglio il vostro tempo su questa vivace isola.<\/p>\n\n<figure class=\"wp-block-image size-large\"><img loading=\"lazy\" decoding=\"async\" width=\"1024\" height=\"683\" src=\"https:\/\/ibizastagdo.com\/wp-content\/uploads\/eden-ibiza-1-2-1024x683.webp\" alt=\"Eden ibiza\" class=\"wp-image-918\" srcset=\"https:\/\/ibizastagdo.com\/wp-content\/uploads\/eden-ibiza-1-2-1024x683.webp 1024w, https:\/\/ibizastagdo.com\/wp-content\/uploads\/eden-ibiza-1-2-300x200.webp 300w, https:\/\/ibizastagdo.com\/wp-content\/uploads\/eden-ibiza-1-2-768x512.webp 768w, https:\/\/ibizastagdo.com\/wp-content\/uploads\/eden-ibiza-1-2-1536x1024.webp 1536w, https:\/\/ibizastagdo.com\/wp-content\/uploads\/eden-ibiza-1-2-18x12.webp 18w, https:\/\/ibizastagdo.com\/wp-content\/uploads\/eden-ibiza-1-2.webp 1920w\" sizes=\"auto, (max-width: 1024px) 100vw, 1024px\" \/><figcaption class=\"wp-element-caption\">Ottenere il massimo dal vostro addio al celibato a Ibiza con il nostro aiuto<\/figcaption><\/figure>\n\n<h2 class=\"wp-block-heading\">Possiamo organizzare il miglior addio al celibato della vostra vita!<\/h2>\n\n<p>Grazie alla nostra vasta esperienza e alle nostre conoscenze locali, potrete risparmiare tempo e denaro evitando errori costosi e itinerari mal pianificati.<\/p>\n\n<p>Quindi, lasciate che vi aiutiamo a pianificare la celebrazione definitiva degli ultimi giorni di libert\u00e0 dell'addio al celibato. Contattateci <a href=\"https:\/\/addioalcelibatoibiza.com\/richiesta-di-informazioni\/\">subito<\/a> per iniziare a pianificare il vostro indimenticabile weekend a Ibiza.<\/p>\n\n<p>Se siete interessati ad altre destinazioni per l'addio al celibato, consultate l'elenco qui sotto:<\/p>\n\n<ul class=\"wp-block-list\">\n<li><a href=\"https:\/\/amsterdam-stag-do.com\/\">Addio al celibato ad Amsterdam<\/a><\/li>\n\n\n\n<li><a href=\"https:\/\/berlin-stag-do.com\/\">Addio al celibato a Berlino<\/a><\/li>\n\n\n\n<li><a href=\"https:\/\/hamburgstagdo.com\/\">Addio al celibato ad Amburgo<\/a><\/li>\n\n\n\n<li><a href=\"https:\/\/hvarstagdo.com\/\">Addio al celibato a Hvar<\/a><\/li>\n\n\n\n<li><a href=\"https:\/\/lisbonstagdo.com\/\">Addio al celibato a Lisbona<\/a><\/li>\n\n\n\n<li><a href=\"https:\/\/munichstagdo.com\/\">Addio al celibato a Monaco<\/a><\/li>\n\n\n\n<li><a href=\"https:\/\/prague-stag-do.com\/\">Addio al celibato a Praga<\/a><\/li>\n\n\n\n<li><a href=\"https:\/\/riga-stag-do.com\/\">Addio al celibato a Riga<\/a><\/li>\n\n\n\n<li><a href=\"https:\/\/stagpartyljubljana.com\/\">Addio al celibato a Lubiana<\/a><\/li>\n\n\n\n<li><a href=\"https:\/\/stagdovegas.com\/\">Addio al celibato a Las Vegas<\/a><\/li>\n\n\n\n<li><a href=\"https:\/\/stagdobarcelona.com\/\">Addio al celibato a Barcellona<\/a><\/li>\n<\/ul>","protected":false},"excerpt":{"rendered":"<p>Io e il mio team di Ibiza Stag Do ci dedichiamo a rendere il vostro weekend di addio al celibato a Ibiza un&#8217;esperienza indimenticabile. Sappiamo che pianificare un viaggio pu\u00f2 essere un&#8217;impresa ardua, soprattutto se si tratta di un addio al celibato, ma non preoccupatevi, ci pensiamo noi. Il nostro impegno per un servizio eccezionale &hellip; <a href=\"https:\/\/ibizastagdo.com\/it\/chi-siamo\/\">Continua<\/a><\/p>","protected":false},"author":1,"featured_media":1557,"parent":0,"menu_order":0,"comment_status":"open","ping_status":"open","template":"","meta":{"_acf_changed":false,"footnotes":""},"class_list":["post-2306","page","type-page","status-publish","has-post-thumbnail","hentry"],"acf":{"page_subheading":""},"_links":{"self":[{"href":"https:\/\/ibizastagdo.com\/it\/wp-json\/wp\/v2\/pages\/2306","targetHints":{"allow":["GET"]}}],"collection":[{"href":"https:\/\/ibizastagdo.com\/it\/wp-json\/wp\/v2\/pages"}],"about":[{"href":"https:\/\/ibizastagdo.com\/it\/wp-json\/wp\/v2\/types\/page"}],"author":[{"embeddable":true,"href":"https:\/\/ibizastagdo.com\/it\/wp-json\/wp\/v2\/users\/1"}],"replies":[{"embeddable":true,"href":"https:\/\/ibizastagdo.com\/it\/wp-json\/wp\/v2\/comments?post=2306"}],"version-history":[{"count":2,"href":"https:\/\/ibizastagdo.com\/it\/wp-json\/wp\/v2\/pages\/2306\/revisions"}],"predecessor-version":[{"id":2311,"href":"https:\/\/ibizastagdo.com\/it\/wp-json\/wp\/v2\/pages\/2306\/revisions\/2311"}],"wp:featuredmedia":[{"embeddable":true,"href":"https:\/\/ibizastagdo.com\/it\/wp-json\/wp\/v2\/media\/1557"}],"wp:attachment":[{"href":"https:\/\/ibizastagdo.com\/it\/wp-json\/wp\/v2\/media?parent=2306"}],"curies":[{"name":"wp","href":"https:\/\/api.w.org\/{rel}","templated":true}]}}