{"id":647,"date":"2023-03-01T18:31:34","date_gmt":"2023-03-01T18:31:34","guid":{"rendered":"https:\/\/ibizastagdo.com\/?page_id=647"},"modified":"2023-03-10T09:08:53","modified_gmt":"2023-03-10T09:08:53","slug":"su-ibiza","status":"publish","type":"page","link":"https:\/\/ibizastagdo.com\/it\/su-ibiza\/","title":{"rendered":"Informazioni su Ibiza: Guida agli addii al celibato"},"content":{"rendered":"<p>Benvenuti nella guida definitiva per organizzare un addio al celibato a Ibiza! Questa splendida isola \u00e8 rinomata per le sue splendide spiagge, l'atmosfera vivace e l'indimenticabile vita notturna. Se siete alla ricerca di un'avventura epica per il vostro weekend di addio al celibato, Ibiza \u00e8 il posto giusto.<\/p>\n\n\n\n<figure class=\"wp-block-image size-large\"><img loading=\"lazy\" decoding=\"async\" width=\"1024\" height=\"684\" src=\"https:\/\/ibizastagdo.com\/wp-content\/uploads\/pool-party-1024x684.webp\" alt=\"Festa in piscina\" class=\"wp-image-876\" srcset=\"https:\/\/ibizastagdo.com\/wp-content\/uploads\/pool-party-1024x684.webp 1024w, https:\/\/ibizastagdo.com\/wp-content\/uploads\/pool-party-300x200.webp 300w, https:\/\/ibizastagdo.com\/wp-content\/uploads\/pool-party-768x513.webp 768w, https:\/\/ibizastagdo.com\/wp-content\/uploads\/pool-party-1536x1026.webp 1536w, https:\/\/ibizastagdo.com\/wp-content\/uploads\/pool-party-18x12.webp 18w, https:\/\/ibizastagdo.com\/wp-content\/uploads\/pool-party.webp 1920w\" sizes=\"auto, (max-width: 1024px) 100vw, 1024px\" \/><figcaption class=\"wp-element-caption\">La quantit\u00e0 di feste in piscina che si possono organizzare a Ibiza \u00e8 sbalorditiva<\/figcaption><\/figure>\n\n\n\n<h2 class=\"wp-block-heading\">Informazioni sull'isola<\/h2>\n\n\n\n<p>Ibiza \u00e8 un'isola piccola ma di una bellezza mozzafiato situata nel Mar Mediterraneo. \u00c8 la <strong>la terza pi\u00f9 grande delle isole Baleari<\/strong> e vanta alcune delle spiagge pi\u00f9 belle del mondo, acque cristalline e insenature nascoste perfette da esplorare.<\/p>\n\n\n\n<p>Ma l'isola non si limita solo alla sua <strong>una costa meravigliosa<\/strong>. Ibiza ha una ricca storia che si riflette nella sua architettura, cultura e stile di vita. L'isola \u00e8 stata abitata fin dalla preistoria e ha visto l'influenza di fenici, romani, mori e cristiani, ognuno dei quali ha lasciato il proprio segno sull'isola.<\/p>\n\n\n\n<p>Ibiza \u00e8 anche nota per la sua <strong>vivaci scene musicali e artistiche<\/strong>con una vasta gamma di gallerie, concerti e festival che si svolgono durante tutto l'anno. L'isola ha un carattere unico e <strong>un mix eclettico di persone<\/strong>con gente del posto, stranieri e visitatori da tutto il mondo che si riuniscono per godere di tutto ci\u00f2 che Ibiza ha da offrire.<\/p>\n\n\n\n<h2 class=\"wp-block-heading\">Vita notturna a Ibiza<\/h2>\n\n\n\n<p>Ma ammettiamolo, sappiamo tutti perch\u00e9 siete qui: per sperimentare la leggendaria (per una buona ragione) vita notturna che Ibiza ha da offrire.<\/p>\n\n\n\n<p>L'isola vanta <strong>alcuni dei club e dei DJ pi\u00f9 famosi del mondo<\/strong>con superclub che attirano folle da tutto il mondo. Se siete alla ricerca di una serata indimenticabile, vi consigliamo di visitare alcuni dei pi\u00f9 grandi club dell'isola.<\/p>\n\n\n\n<p><strong>Pacha<\/strong> \u00e8 un locale iconico che esiste dagli anni '70, con la reputazione di ospitare alcune delle migliori feste di Ibiza. <strong>Amnesia<\/strong> \u00e8 un altro locale da non perdere, con pi\u00f9 sale che propongono una variet\u00e0 di generi musicali per tutti i gusti. E <strong>Ushuaia<\/strong> \u00e8 noto per il suo enorme palco all'aperto e per le feste in piscina, perfette per prendere il sole mentre si balla al ritmo dei brani preferiti.<\/p>\n\n\n\n<figure class=\"wp-block-image size-large\"><img loading=\"lazy\" decoding=\"async\" width=\"1024\" height=\"683\" src=\"https:\/\/ibizastagdo.com\/wp-content\/uploads\/hi-ibiza-1-9-1024x683.webp\" alt=\"Ciao ibiza\" class=\"wp-image-968\" srcset=\"https:\/\/ibizastagdo.com\/wp-content\/uploads\/hi-ibiza-1-9-1024x683.webp 1024w, https:\/\/ibizastagdo.com\/wp-content\/uploads\/hi-ibiza-1-9-300x200.webp 300w, https:\/\/ibizastagdo.com\/wp-content\/uploads\/hi-ibiza-1-9-768x512.webp 768w, https:\/\/ibizastagdo.com\/wp-content\/uploads\/hi-ibiza-1-9-18x12.webp 18w, https:\/\/ibizastagdo.com\/wp-content\/uploads\/hi-ibiza-1-9.webp 1440w\" sizes=\"auto, (max-width: 1024px) 100vw, 1024px\" \/><figcaption class=\"wp-element-caption\">L'H\u00ef Ibiza \u00e8 stato nominato miglior club del mondo da DJ Mag nel 2022.<\/figcaption><\/figure>\n\n\n\n<p>Ma non sono solo i grandi club a rendere la vita notturna di Ibiza cos\u00ec speciale. L'isola ha un <strong>una fiorente scena underground<\/strong> con locali pi\u00f9 piccoli e feste in tutta l'isola. Per un'esperienza di festa pi\u00f9 intima, visitate locali come Heart Ibiza o DC-10, entrambi noti per le loro atmosfere e proposte musicali uniche.<\/p>\n\n\n\n<p>Uno degli aspetti pi\u00f9 singolari della vita notturna di Ibiza \u00e8 la <strong>diversit\u00e0 delle folle<\/strong>. Troverete persone di ogni estrazione sociale, et\u00e0 e provenienza che ballano fianco a fianco fino alle prime ore del mattino. \u00c8 questa atmosfera aperta e accettante che rende Ibiza un luogo cos\u00ec speciale per fare festa.<\/p>\n\n\n\n<p>Ma siamo sinceri: orientarsi nella scena dei club di Ibiza pu\u00f2 essere travolgente, soprattutto se \u00e8 la prima volta che vi recate sull'isola. \u00c8 qui che il nostro <a href=\"https:\/\/ibizastagdo.com\/it\/partito\/\">Pacchetti di addio al celibato a Ibiza<\/a> entrare.<\/p>\n\n\n\n<p>I nostri pacchetti sono progettati per <strong>per offrire a voi e ai vostri amici un trattamento VIP di prim'ordine<\/strong>con accesso ai club pi\u00f9 in voga, tavoli privati ed eventi esclusivi. Collaboriamo con i migliori club e promotori dell'isola per assicurarvi una serata indimenticabile.<\/p>\n\n\n\n<figure class=\"wp-block-image size-large\"><img loading=\"lazy\" decoding=\"async\" width=\"1024\" height=\"768\" src=\"https:\/\/ibizastagdo.com\/wp-content\/uploads\/jetski--1024x768.webp\" alt=\"Jetski\" class=\"wp-image-787\" srcset=\"https:\/\/ibizastagdo.com\/wp-content\/uploads\/jetski--1024x768.webp 1024w, https:\/\/ibizastagdo.com\/wp-content\/uploads\/jetski--300x225.webp 300w, https:\/\/ibizastagdo.com\/wp-content\/uploads\/jetski--768x576.webp 768w, https:\/\/ibizastagdo.com\/wp-content\/uploads\/jetski--1536x1152.webp 1536w, https:\/\/ibizastagdo.com\/wp-content\/uploads\/jetski--16x12.webp 16w, https:\/\/ibizastagdo.com\/wp-content\/uploads\/jetski-.webp 1920w\" sizes=\"auto, (max-width: 1024px) 100vw, 1024px\" \/><figcaption class=\"wp-element-caption\">Un tour in jetski \u00e8 sempre un'ottima scelta<\/figcaption><\/figure>\n\n\n\n<h2 class=\"wp-block-heading\">Attivit\u00e0 indimenticabili<\/h2>\n\n\n\n<p>Naturalmente, Ibiza ha molto altro da offrire oltre alle feste. Se volete variare le cose e provare qualcosa di diverso, ci sono molte attivit\u00e0 indimenticabili tra cui scegliere.<\/p>\n\n\n\n<p>Una delle attivit\u00e0 pi\u00f9 popolari sull'isola \u00e8 rappresentata da diversi tipi di <strong>sport acquatici<\/strong>. Con le sue acque cristalline e il clima soleggiato, Ibiza \u00e8 il luogo perfetto per cimentarsi in ogni tipo di attivit\u00e0, dal <a href=\"https:\/\/ibizastagdo.com\/it\/attivita\/tour-di-snorkeling-in-kayak\/\">kayak<\/a> e paddleboard a <a href=\"https:\/\/ibizastagdo.com\/it\/attivita\/tour-in-moto-dacqua\/\">jet ski<\/a> e parasailing. Per un'esperienza pi\u00f9 rilassata, fate un giro dell'isola in barca e godetevi il paesaggio.<\/p>\n\n\n\n<p>Anche per chi \u00e8 interessato alla storia e alla cultura, Ibiza ha molto da offrire. Il <strong>fortificato<\/strong> <strong>centro storico di Ibiza<\/strong>L'isola, conosciuta anche come Dalt Vila, \u00e8 patrimonio dell'umanit\u00e0 dell'UNESCO e presenta una serie di edifici storici, musei e gallerie. L'isola ospita anche diverse rovine antiche, tra cui l'insediamento fenicio di Sa Caleta e la citt\u00e0 romana di Ses Paisses.<\/p>\n\n\n\n<p>E naturalmente, nessun viaggio a Ibiza \u00e8 completo senza una giornata in spiaggia. Con <strong>oltre 50 spiagge tra cui scegliere<\/strong>c'\u00e8 un tratto di sabbia per tutti i gusti. Che siate alla ricerca di una vivace scena di festa o di una caletta appartata, Ibiza ha tutto.<\/p>\n\n\n\n<h2 class=\"wp-block-heading\">Organizzate oggi stesso il vostro addio al celibato epico a Ibiza!<\/h2>\n\n\n\n<p>Che siate alla ricerca di feste non-stop, di attivit\u00e0 adrenaliniche o di un mix di entrambi, Ibiza ha qualcosa per tutti.<\/p>\n\n\n\n<figure class=\"wp-block-image size-large\"><img loading=\"lazy\" decoding=\"async\" width=\"1024\" height=\"683\" src=\"https:\/\/ibizastagdo.com\/wp-content\/uploads\/ushuaia-ibiza-1-2-1024x683.webp\" alt=\"Ushuaia ibiza\" class=\"wp-image-992\" srcset=\"https:\/\/ibizastagdo.com\/wp-content\/uploads\/ushuaia-ibiza-1-2-1024x683.webp 1024w, https:\/\/ibizastagdo.com\/wp-content\/uploads\/ushuaia-ibiza-1-2-300x200.webp 300w, https:\/\/ibizastagdo.com\/wp-content\/uploads\/ushuaia-ibiza-1-2-768x512.webp 768w, https:\/\/ibizastagdo.com\/wp-content\/uploads\/ushuaia-ibiza-1-2-18x12.webp 18w, https:\/\/ibizastagdo.com\/wp-content\/uploads\/ushuaia-ibiza-1-2.webp 1440w\" sizes=\"auto, (max-width: 1024px) 100vw, 1024px\" \/><figcaption class=\"wp-element-caption\">Troviamo il posto migliore per voi durante il vostro weekend di addio al celibato<\/figcaption><\/figure>\n\n\n\n<p>Ma <strong>pianificare tutto questo non \u00e8 certo facile<\/strong>Grazie alla nostra conoscenza dell'isola e della sua scena festaiola, possiamo aiutarvi a creare un viaggio indimenticabile su misura per il vostro gruppo.<\/p>\n\n\n\n<p>Quindi, perch\u00e9 non lasciare a noi i dettagli e concentrarsi su un momento epico con i vostri amici?<\/p>\n\n\n\n<p>Ci occupiamo di tutto, <strong>dall'alloggio ai trasporti alle quote di iscrizione ai club<\/strong>. Tutto ci\u00f2 che dovete fare \u00e8 presentarvi e lasciare che siamo noi a occuparci del resto. Con la nostra guida, sarete in grado di sperimentare il meglio di ci\u00f2 che Ibiza ha da offrire senza alcuno stress o problema.<\/p>\n\n\n\n<p>Lasciate che vi aiutiamo a pianificare un viaggio indimenticabile a Ibiza che voi e i vostri amici ricorderete per gli anni a venire! <a href=\"https:\/\/ibizastagdo.com\/it\/inchiesta\/\"><strong>Informatevi oggi<\/strong><\/a> e preparatevi a vivere il meglio di ci\u00f2 che questa incredibile isola ha da offrire.<\/p>\n\n\n\n<div class=\"wp-block-buttons is-content-justification-right is-layout-flex wp-container-core-buttons-is-layout-765c4724 wp-block-buttons-is-layout-flex\">\n<div class=\"wp-block-button has-custom-width wp-block-button__width-75 has-custom-font-size has-medium-font-size\" style=\"font-style:normal;font-weight:700;text-transform:uppercase\"><a class=\"wp-block-button__link has-primary-background-color has-background wp-element-button\" href=\"https:\/\/ibizastagdo.com\/it\/inchiesta\/\" style=\"border-radius:6px\"><strong>CHIEDERE ORA<\/strong><\/a><\/div>\n<\/div>","protected":false},"excerpt":{"rendered":"<p>Benvenuti nella guida definitiva per organizzare un addio al celibato a Ibiza! Questa splendida isola \u00e8 rinomata per le sue splendide spiagge, l'atmosfera vivace e l'indimenticabile vita notturna. Se siete alla ricerca di un'avventura epica per il vostro weekend di addio al celibato, Ibiza \u00e8 il posto giusto. Informazioni sull'isola Ibiza \u00e8 un'isola piccola ma di una bellezza mozzafiato ... <a href=\"https:\/\/ibizastagdo.com\/it\/su-ibiza\/\">Continua<\/a><\/p>","protected":false},"author":37,"featured_media":1047,"parent":0,"menu_order":0,"comment_status":"closed","ping_status":"closed","template":"","meta":{"_acf_changed":false,"footnotes":""},"class_list":["post-647","page","type-page","status-publish","has-post-thumbnail","hentry"],"acf":{"page_subheading":"Plan an epic stag do in Ibiza with our ultimate guide \u2014 discovering the island's epic nightlife, stunning beaches, and unforgettable activities."},"_links":{"self":[{"href":"https:\/\/ibizastagdo.com\/it\/wp-json\/wp\/v2\/pages\/647","targetHints":{"allow":["GET"]}}],"collection":[{"href":"https:\/\/ibizastagdo.com\/it\/wp-json\/wp\/v2\/pages"}],"about":[{"href":"https:\/\/ibizastagdo.com\/it\/wp-json\/wp\/v2\/types\/page"}],"author":[{"embeddable":true,"href":"https:\/\/ibizastagdo.com\/it\/wp-json\/wp\/v2\/users\/37"}],"replies":[{"embeddable":true,"href":"https:\/\/ibizastagdo.com\/it\/wp-json\/wp\/v2\/comments?post=647"}],"version-history":[{"count":8,"href":"https:\/\/ibizastagdo.com\/it\/wp-json\/wp\/v2\/pages\/647\/revisions"}],"predecessor-version":[{"id":1276,"href":"https:\/\/ibizastagdo.com\/it\/wp-json\/wp\/v2\/pages\/647\/revisions\/1276"}],"wp:featuredmedia":[{"embeddable":true,"href":"https:\/\/ibizastagdo.com\/it\/wp-json\/wp\/v2\/media\/1047"}],"wp:attachment":[{"href":"https:\/\/ibizastagdo.com\/it\/wp-json\/wp\/v2\/media?parent=647"}],"curies":[{"name":"wp","href":"https:\/\/api.w.org\/{rel}","templated":true}]}}