{"id":648,"date":"2023-03-01T18:28:48","date_gmt":"2023-03-01T18:28:48","guid":{"rendered":"https:\/\/ibizastagdo.com\/?page_id=648"},"modified":"2023-03-02T17:36:38","modified_gmt":"2023-03-02T17:36:38","slug":"come-arrivare-a-ibiza-2","status":"publish","type":"page","link":"https:\/\/ibizastagdo.com\/it\/come-arrivare-a-ibiza-2\/","title":{"rendered":"Come arrivare a Ibiza?"},"content":{"rendered":"<p>Ibiza \u00e8 una destinazione popolare per gli amanti dell'addio al celibato e per i turisti, e con le sue spiagge mozzafiato, la vivace vita notturna e gli splendidi paesaggi, non c'\u00e8 da stupirsi del perch\u00e9. Sia che stiate pianificando una vacanza rilassante o un addio al celibato ricco di azione, raggiungere Ibiza \u00e8 facile e conveniente. In questa guida illustreremo i diversi modi per raggiungere questa splendida isola delle Baleari.<\/p>\n\n\n\n<figure class=\"wp-block-image size-large\"><img loading=\"lazy\" decoding=\"async\" width=\"1024\" height=\"576\" src=\"https:\/\/ibizastagdo.com\/wp-content\/uploads\/ibiza-airport-1024x576.webp\" alt=\"Aeroporto di Ibiza\" class=\"wp-image-1096\" srcset=\"https:\/\/ibizastagdo.com\/wp-content\/uploads\/ibiza-airport-1024x576.webp 1024w, https:\/\/ibizastagdo.com\/wp-content\/uploads\/ibiza-airport-300x169.webp 300w, https:\/\/ibizastagdo.com\/wp-content\/uploads\/ibiza-airport-768x432.webp 768w, https:\/\/ibizastagdo.com\/wp-content\/uploads\/ibiza-airport-1536x864.webp 1536w, https:\/\/ibizastagdo.com\/wp-content\/uploads\/ibiza-airport-2048x1152.webp 2048w, https:\/\/ibizastagdo.com\/wp-content\/uploads\/ibiza-airport-18x10.webp 18w, https:\/\/ibizastagdo.com\/wp-content\/uploads\/ibiza-airport-scaled.webp 1920w\" sizes=\"auto, (max-width: 1024px) 100vw, 1024px\" \/><figcaption class=\"wp-element-caption\">Arrivo all'aeroporto di Ibiza<\/figcaption><\/figure>\n\n\n\n<h2 class=\"wp-block-heading\">Volare a Ibiza<\/h2>\n\n\n\n<p>Il modo pi\u00f9 comodo e veloce per raggiungere Ibiza \u00e8 l'aereo. L'aeroporto di Ibiza (IBZ) \u00e8 ben collegato a diverse grandi citt\u00e0 europee, tra cui Londra. Ci sono diverse compagnie aeree che operano voli per Ibiza da Londra, tra cui compagnie aeree economiche come Ryanair e easyJet, nonch\u00e9 compagnie aeree a servizio completo come British Airways.<\/p>\n\n\n\n<p>Quando arrivate, possiamo sempre <a href=\"https:\/\/ibizastagdo.com\/it\/trasferimenti\/trasferimento-dallaeroporto-e-dalla-citta\/\">venirvi a prendere all'aeroporto<\/a> e portarvi al vostro alloggio.<\/p>\n\n\n\n<h2 class=\"wp-block-heading\">Traghetto per Ibiza<\/h2>\n\n\n\n<p>Un'altra opzione per raggiungere Ibiza \u00e8 il traghetto. Ci sono servizi di traghetto che operano dalla terraferma spagnola e dalla vicina isola di Maiorca. \u00c8 un'ottima opzione se viaggiate con un gruppo numeroso o con molti bagagli. Il viaggio in traghetto dura circa 2-3 ore e, una volta arrivati a Ibiza, potete prendere un taxi o un autobus per la vostra destinazione finale.<\/p>\n\n\n\n<h2 class=\"wp-block-heading\">Come muoversi a Ibiza<\/h2>\n\n\n\n<p>Una volta arrivati a Ibiza, ci sono diverse opzioni per spostarsi sull'isola. Potete noleggiare un'auto, prendere un taxi o utilizzare i mezzi pubblici. Ma per rendere il tutto pi\u00f9 semplice e non stressarvi con tutta la logistica, date un'occhiata al nostro <a href=\"https:\/\/ibizastagdo.com\/it\/trasferimenti\/\">trasferimenti<\/a>.<\/p>\n\n\n\n<figure class=\"wp-block-image size-large\"><img loading=\"lazy\" decoding=\"async\" width=\"1024\" height=\"683\" src=\"https:\/\/ibizastagdo.com\/wp-content\/uploads\/ibiza-1-9-1024x683.webp\" alt=\"Ibiza\" class=\"wp-image-1045\" srcset=\"https:\/\/ibizastagdo.com\/wp-content\/uploads\/ibiza-1-9-1024x683.webp 1024w, https:\/\/ibizastagdo.com\/wp-content\/uploads\/ibiza-1-9-300x200.webp 300w, https:\/\/ibizastagdo.com\/wp-content\/uploads\/ibiza-1-9-768x512.webp 768w, https:\/\/ibizastagdo.com\/wp-content\/uploads\/ibiza-1-9-1536x1024.webp 1536w, https:\/\/ibizastagdo.com\/wp-content\/uploads\/ibiza-1-9-2048x1365.webp 2048w, https:\/\/ibizastagdo.com\/wp-content\/uploads\/ibiza-1-9-18x12.webp 18w, https:\/\/ibizastagdo.com\/wp-content\/uploads\/ibiza-1-9-scaled.webp 1920w\" sizes=\"auto, (max-width: 1024px) 100vw, 1024px\" \/><figcaption class=\"wp-element-caption\">Facile da raggiungere; Facile da innamorare<\/figcaption><\/figure>\n\n\n\n<p>In conclusione, arrivare a Ibiza \u00e8 facile e conveniente, con diverse opzioni disponibili per soddisfare le vostre esigenze e il vostro budget. Sia che prendiate l'aereo o il traghetto, sarete in grado di raggiungere questa splendida isola e iniziare il vostro epico weekend di addio al celibato.<\/p>","protected":false},"excerpt":{"rendered":"<p>Ibiza \u00e8 una destinazione popolare per gli amanti dell'addio al celibato e per i turisti, e con le sue spiagge mozzafiato, la vivace vita notturna e gli splendidi paesaggi, non c'\u00e8 da stupirsi del perch\u00e9. Sia che stiate pianificando una vacanza rilassante o un addio al celibato ricco di azione, raggiungere Ibiza \u00e8 facile e conveniente. In questa guida vi illustreremo i diversi modi per raggiungere questa splendida ... <a href=\"https:\/\/ibizastagdo.com\/it\/come-arrivare-a-ibiza-2\/\">Continua<\/a><\/p>","protected":false},"author":37,"featured_media":1043,"parent":0,"menu_order":0,"comment_status":"closed","ping_status":"closed","template":"","meta":{"_acf_changed":false,"footnotes":""},"class_list":["post-648","page","type-page","status-publish","has-post-thumbnail","hentry"],"acf":{"page_subheading":"Discover the best ways to reach the party capital of the world for your stag do. Find out about flying to Ibiza, taking the ferry, and getting around once you arrive."},"_links":{"self":[{"href":"https:\/\/ibizastagdo.com\/it\/wp-json\/wp\/v2\/pages\/648","targetHints":{"allow":["GET"]}}],"collection":[{"href":"https:\/\/ibizastagdo.com\/it\/wp-json\/wp\/v2\/pages"}],"about":[{"href":"https:\/\/ibizastagdo.com\/it\/wp-json\/wp\/v2\/types\/page"}],"author":[{"embeddable":true,"href":"https:\/\/ibizastagdo.com\/it\/wp-json\/wp\/v2\/users\/37"}],"replies":[{"embeddable":true,"href":"https:\/\/ibizastagdo.com\/it\/wp-json\/wp\/v2\/comments?post=648"}],"version-history":[{"count":6,"href":"https:\/\/ibizastagdo.com\/it\/wp-json\/wp\/v2\/pages\/648\/revisions"}],"predecessor-version":[{"id":1101,"href":"https:\/\/ibizastagdo.com\/it\/wp-json\/wp\/v2\/pages\/648\/revisions\/1101"}],"wp:featuredmedia":[{"embeddable":true,"href":"https:\/\/ibizastagdo.com\/it\/wp-json\/wp\/v2\/media\/1043"}],"wp:attachment":[{"href":"https:\/\/ibizastagdo.com\/it\/wp-json\/wp\/v2\/media?parent=648"}],"curies":[{"name":"wp","href":"https:\/\/api.w.org\/{rel}","templated":true}]}}